{"id":638,"date":"2016-01-05T12:19:32","date_gmt":"2016-01-05T11:19:32","guid":{"rendered":"http:\/\/www.schmees.com\/web\/?page_id=638"},"modified":"2017-04-04T16:00:04","modified_gmt":"2017-04-04T14:00:04","slug":"directions","status":"publish","type":"page","link":"https:\/\/schmees.com\/web\/en\/contact\/directions\/","title":{"rendered":"Directions"},"content":{"rendered":"<div class=\"fusion-fullwidth fullwidth-box fusion-builder-row-1 top_spacer nonhundred-percent-fullwidth non-hundred-percent-height-scrolling fusion-no-small-visibility\" style=\"--awb-background-position:left top;--awb-border-radius-top-left:0px;--awb-border-radius-top-right:0px;--awb-border-radius-bottom-right:0px;--awb-border-radius-bottom-left:0px;--awb-padding-top:20px;--awb-padding-bottom:20px;--awb-border-sizes-top:0px;--awb-border-sizes-bottom:0px;--awb-flex-wrap:wrap;\" ><div class=\"fusion-builder-row fusion-row\"><\/div><\/div>\n","protected":false},"excerpt":{"rendered":"","protected":false},"author":1,"featured_media":0,"parent":196,"menu_order":2,"comment_status":"closed","ping_status":"closed","template":"100-width.php","meta":{"footnotes":""},"class_list":["post-638","page","type-page","status-publish","hentry"],"yoast_head":"<!-- This site is optimized with the Yoast SEO plugin v26.5 - https:\/\/yoast.com\/wordpress\/plugins\/seo\/ -->\n<title>Directions - SCHMEES cast Langenfeld &amp; Pirna GmbH<\/title>\n<meta name=\"robots\" content=\"index, follow, max-snippet:-1, max-image-preview:large, max-video-preview:-1\" \/>\n<link rel=\"canonical\" href=\"https:\/\/schmees.com\/web\/en\/contact\/directions\/\" \/>\n<meta property=\"og:locale\" content=\"de_DE\" \/>\n<meta property=\"og:type\" content=\"article\" \/>\n<meta property=\"og:title\" content=\"Directions - SCHMEES cast Langenfeld &amp; Pirna GmbH\" \/>\n<meta property=\"og:url\" content=\"https:\/\/schmees.com\/web\/en\/contact\/directions\/\" \/>\n<meta property=\"og:site_name\" content=\"SCHMEES cast Langenfeld &amp; Pirna GmbH\" \/>\n<meta property=\"article:modified_time\" content=\"2017-04-04T14:00:04+00:00\" \/>\n<meta name=\"twitter:card\" content=\"summary_large_image\" \/>\n<script type=\"application\/ld+json\" class=\"yoast-schema-graph\">{\"@context\":\"https:\/\/schema.org\",\"@graph\":[{\"@type\":\"WebPage\",\"@id\":\"https:\/\/schmees.com\/web\/en\/contact\/directions\/\",\"url\":\"https:\/\/schmees.com\/web\/en\/contact\/directions\/\",\"name\":\"Directions - SCHMEES cast Langenfeld &amp; Pirna GmbH\",\"isPartOf\":{\"@id\":\"https:\/\/schmees.com\/web\/#website\"},\"datePublished\":\"2016-01-05T11:19:32+00:00\",\"dateModified\":\"2017-04-04T14:00:04+00:00\",\"breadcrumb\":{\"@id\":\"https:\/\/schmees.com\/web\/en\/contact\/directions\/#breadcrumb\"},\"inLanguage\":\"de\",\"potentialAction\":[{\"@type\":\"ReadAction\",\"target\":[\"https:\/\/schmees.com\/web\/en\/contact\/directions\/\"]}]},{\"@type\":\"BreadcrumbList\",\"@id\":\"https:\/\/schmees.com\/web\/en\/contact\/directions\/#breadcrumb\",\"itemListElement\":[{\"@type\":\"ListItem\",\"position\":1,\"name\":\"Startseite\",\"item\":\"https:\/\/schmees.com\/web\/de\/startseite-2\/\"},{\"@type\":\"ListItem\",\"position\":2,\"name\":\"Contact\",\"item\":\"https:\/\/schmees.com\/web\/en\/contact\/\"},{\"@type\":\"ListItem\",\"position\":3,\"name\":\"Directions\"}]},{\"@type\":\"WebSite\",\"@id\":\"https:\/\/schmees.com\/web\/#website\",\"url\":\"https:\/\/schmees.com\/web\/\",\"name\":\"SCHMEES cast Langenfeld &amp; Pirna GmbH\",\"description\":\"Schmees z\u00e4hlt international zu den f\u00fchrenden Gie\u00dfereien f\u00fcr den Edelstahlguss. Im Bereich Kunstguss ist Schmees f\u00fcr namhafte K\u00fcnstler t\u00e4tig.\",\"publisher\":{\"@id\":\"https:\/\/schmees.com\/web\/#organization\"},\"potentialAction\":[{\"@type\":\"SearchAction\",\"target\":{\"@type\":\"EntryPoint\",\"urlTemplate\":\"https:\/\/schmees.com\/web\/?s={search_term_string}\"},\"query-input\":{\"@type\":\"PropertyValueSpecification\",\"valueRequired\":true,\"valueName\":\"search_term_string\"}}],\"inLanguage\":\"de\"},{\"@type\":\"Organization\",\"@id\":\"https:\/\/schmees.com\/web\/#organization\",\"name\":\"SCHMEES cast Langenfeld GmbH\",\"url\":\"https:\/\/schmees.com\/web\/\",\"logo\":{\"@type\":\"ImageObject\",\"inLanguage\":\"de\",\"@id\":\"https:\/\/schmees.com\/web\/#\/schema\/logo\/image\/\",\"url\":\"https:\/\/schmees.com\/web\/wp-content\/uploads\/2018\/01\/ES_Signet_transparent_claim_left_424x140_mobile_retina.png\",\"contentUrl\":\"https:\/\/schmees.com\/web\/wp-content\/uploads\/2018\/01\/ES_Signet_transparent_claim_left_424x140_mobile_retina.png\",\"width\":424,\"height\":140,\"caption\":\"SCHMEES cast Langenfeld GmbH\"},\"image\":{\"@id\":\"https:\/\/schmees.com\/web\/#\/schema\/logo\/image\/\"}}]}<\/script>\n<!-- \/ Yoast SEO plugin. -->","yoast_head_json":{"title":"Directions - SCHMEES cast Langenfeld &amp; Pirna GmbH","robots":{"index":"index","follow":"follow","max-snippet":"max-snippet:-1","max-image-preview":"max-image-preview:large","max-video-preview":"max-video-preview:-1"},"canonical":"https:\/\/schmees.com\/web\/en\/contact\/directions\/","og_locale":"de_DE","og_type":"article","og_title":"Directions - SCHMEES cast Langenfeld &amp; Pirna GmbH","og_url":"https:\/\/schmees.com\/web\/en\/contact\/directions\/","og_site_name":"SCHMEES cast Langenfeld &amp; Pirna GmbH","article_modified_time":"2017-04-04T14:00:04+00:00","twitter_card":"summary_large_image","schema":{"@context":"https:\/\/schema.org","@graph":[{"@type":"WebPage","@id":"https:\/\/schmees.com\/web\/en\/contact\/directions\/","url":"https:\/\/schmees.com\/web\/en\/contact\/directions\/","name":"Directions - SCHMEES cast Langenfeld &amp; Pirna GmbH","isPartOf":{"@id":"https:\/\/schmees.com\/web\/#website"},"datePublished":"2016-01-05T11:19:32+00:00","dateModified":"2017-04-04T14:00:04+00:00","breadcrumb":{"@id":"https:\/\/schmees.com\/web\/en\/contact\/directions\/#breadcrumb"},"inLanguage":"de","potentialAction":[{"@type":"ReadAction","target":["https:\/\/schmees.com\/web\/en\/contact\/directions\/"]}]},{"@type":"BreadcrumbList","@id":"https:\/\/schmees.com\/web\/en\/contact\/directions\/#breadcrumb","itemListElement":[{"@type":"ListItem","position":1,"name":"Startseite","item":"https:\/\/schmees.com\/web\/de\/startseite-2\/"},{"@type":"ListItem","position":2,"name":"Contact","item":"https:\/\/schmees.com\/web\/en\/contact\/"},{"@type":"ListItem","position":3,"name":"Directions"}]},{"@type":"WebSite","@id":"https:\/\/schmees.com\/web\/#website","url":"https:\/\/schmees.com\/web\/","name":"SCHMEES cast Langenfeld &amp; Pirna GmbH","description":"Schmees z\u00e4hlt international zu den f\u00fchrenden Gie\u00dfereien f\u00fcr den Edelstahlguss. Im Bereich Kunstguss ist Schmees f\u00fcr namhafte K\u00fcnstler t\u00e4tig.","publisher":{"@id":"https:\/\/schmees.com\/web\/#organization"},"potentialAction":[{"@type":"SearchAction","target":{"@type":"EntryPoint","urlTemplate":"https:\/\/schmees.com\/web\/?s={search_term_string}"},"query-input":{"@type":"PropertyValueSpecification","valueRequired":true,"valueName":"search_term_string"}}],"inLanguage":"de"},{"@type":"Organization","@id":"https:\/\/schmees.com\/web\/#organization","name":"SCHMEES cast Langenfeld GmbH","url":"https:\/\/schmees.com\/web\/","logo":{"@type":"ImageObject","inLanguage":"de","@id":"https:\/\/schmees.com\/web\/#\/schema\/logo\/image\/","url":"https:\/\/schmees.com\/web\/wp-content\/uploads\/2018\/01\/ES_Signet_transparent_claim_left_424x140_mobile_retina.png","contentUrl":"https:\/\/schmees.com\/web\/wp-content\/uploads\/2018\/01\/ES_Signet_transparent_claim_left_424x140_mobile_retina.png","width":424,"height":140,"caption":"SCHMEES cast Langenfeld GmbH"},"image":{"@id":"https:\/\/schmees.com\/web\/#\/schema\/logo\/image\/"}}]}},"publishpress_future_action":{"enabled":false,"date":"2026-04-18 15:21:36","action":"change-status","newStatus":"draft","terms":[],"taxonomy":"language","extraData":[]},"publishpress_future_workflow_manual_trigger":{"enabledWorkflows":[]},"_links":{"self":[{"href":"https:\/\/schmees.com\/web\/wp-json\/wp\/v2\/pages\/638","targetHints":{"allow":["GET"]}}],"collection":[{"href":"https:\/\/schmees.com\/web\/wp-json\/wp\/v2\/pages"}],"about":[{"href":"https:\/\/schmees.com\/web\/wp-json\/wp\/v2\/types\/page"}],"author":[{"embeddable":true,"href":"https:\/\/schmees.com\/web\/wp-json\/wp\/v2\/users\/1"}],"replies":[{"embeddable":true,"href":"https:\/\/schmees.com\/web\/wp-json\/wp\/v2\/comments?post=638"}],"version-history":[{"count":6,"href":"https:\/\/schmees.com\/web\/wp-json\/wp\/v2\/pages\/638\/revisions"}],"predecessor-version":[{"id":4126,"href":"https:\/\/schmees.com\/web\/wp-json\/wp\/v2\/pages\/638\/revisions\/4126"}],"up":[{"embeddable":true,"href":"https:\/\/schmees.com\/web\/wp-json\/wp\/v2\/pages\/196"}],"wp:attachment":[{"href":"https:\/\/schmees.com\/web\/wp-json\/wp\/v2\/media?parent=638"}],"curies":[{"name":"wp","href":"https:\/\/api.w.org\/{rel}","templated":true}]}}