{"id":180,"date":"2015-11-18T11:09:24","date_gmt":"2015-11-18T10:09:24","guid":{"rendered":"http:\/\/www.schmees.com\/web\/?page_id=180"},"modified":"2024-02-19T18:22:21","modified_gmt":"2024-02-19T17:22:21","slug":"links","status":"publish","type":"page","link":"https:\/\/schmees.com\/web\/de\/service\/links\/","title":{"rendered":"Links"},"content":{"rendered":"<p><div class=\"fusion-fullwidth fullwidth-box fusion-builder-row-1 top_spacer nonhundred-percent-fullwidth non-hundred-percent-height-scrolling fusion-no-small-visibility\" style=\"--awb-background-position:left top;--awb-border-sizes-top:0px;--awb-border-sizes-bottom:0px;--awb-border-sizes-left:0px;--awb-border-sizes-right:0px;--awb-border-radius-top-left:0px;--awb-border-radius-top-right:0px;--awb-border-radius-bottom-right:0px;--awb-border-radius-bottom-left:0px;--awb-padding-top:20px;--awb-padding-bottom:20px;--awb-background-color:#f4f4f4;--awb-flex-wrap:wrap;\" ><div class=\"fusion-builder-row fusion-row\"><\/div><\/div><div class=\"fusion-fullwidth fullwidth-box fusion-builder-row-2 nonhundred-percent-fullwidth non-hundred-percent-height-scrolling\" style=\"--awb-background-position:left top;--awb-border-sizes-top:0px;--awb-border-sizes-bottom:0px;--awb-border-sizes-left:0px;--awb-border-sizes-right:0px;--awb-border-radius-top-left:0px;--awb-border-radius-top-right:0px;--awb-border-radius-bottom-right:0px;--awb-border-radius-bottom-left:0px;--awb-padding-top:0px;--awb-padding-bottom:0px;--awb-background-color:#f4f4f4;--awb-flex-wrap:wrap;\" ><div class=\"fusion-builder-row fusion-row\"><div class=\"fusion-layout-column fusion_builder_column fusion-builder-column-0 fusion_builder_column_1_1 1_1 fusion-one-full fusion-column-first fusion-column-last no_margin\" style=\"--awb-bg-size:cover;--awb-margin-bottom:40px;\"><div class=\"fusion-column-wrapper fusion-flex-column-wrapper-legacy\"><div class=\"fusion-text fusion-text-1\"><h1>Diese Verweise sind einen Besuch wert.<\/h1>\n<\/div><div class=\"fusion-clearfix\"><\/div><\/div><\/div><\/div><\/div><div class=\"fusion-fullwidth fullwidth-box fusion-builder-row-3 fusion-parallax-none schmees_divider nonhundred-percent-fullwidth non-hundred-percent-height-scrolling fusion-no-small-visibility\" style=\"--awb-background-position:right center;--awb-border-sizes-top:0px;--awb-border-sizes-bottom:0px;--awb-border-sizes-left:0px;--awb-border-sizes-right:0px;--awb-border-radius-top-left:0px;--awb-border-radius-top-right:0px;--awb-border-radius-bottom-right:0px;--awb-border-radius-bottom-left:0px;--awb-padding-top:0px;--awb-padding-bottom:0px;--awb-background-color:#f4f4f4;--awb-background-image:url(&quot;https:\/\/www.schmees.com\/web\/wp-content\/uploads\/2016\/04\/outline_web_divider_2388x62_right_top.png&quot;);--awb-background-size:cover;--awb-flex-wrap:wrap;\" ><div class=\"fusion-builder-row fusion-row\"><\/div><\/div><div class=\"fusion-fullwidth fullwidth-box fusion-builder-row-4 nonhundred-percent-fullwidth non-hundred-percent-height-scrolling\" style=\"--awb-background-position:left top;--awb-border-sizes-top:0px;--awb-border-sizes-bottom:0px;--awb-border-sizes-left:0px;--awb-border-sizes-right:0px;--awb-border-radius-top-left:0px;--awb-border-radius-top-right:0px;--awb-border-radius-bottom-right:0px;--awb-border-radius-bottom-left:0px;--awb-padding-top:40px;--awb-padding-bottom:20px;--awb-flex-wrap:wrap;\" ><div class=\"fusion-builder-row fusion-row\"><div class=\"fusion-layout-column fusion_builder_column fusion-builder-column-1 fusion_builder_column_4_5 4_5 fusion-four-fifth fusion-column-first\" style=\"--awb-bg-size:cover;width:80%;width:calc(80% - ( ( 10% ) * 0.8 ) );margin-right: 10%;\"><div class=\"fusion-column-wrapper fusion-flex-column-wrapper-legacy\"><div class=\"fusion-text fusion-text-2\"><p><img decoding=\"async\" class=\"img_link alignleft wp-image-1809\" src=\"https:\/\/www.schmees.com\/web\/wp-content\/uploads\/2016\/04\/links_innocast-150x150.jpg\" alt=\"\" width=\"200\" height=\"200\" srcset=\"https:\/\/schmees.com\/web\/wp-content\/uploads\/2016\/04\/links_innocast-66x66.jpg 66w, https:\/\/schmees.com\/web\/wp-content\/uploads\/2016\/04\/links_innocast-150x150.jpg 150w, https:\/\/schmees.com\/web\/wp-content\/uploads\/2016\/04\/links_innocast-300x300.jpg 300w, https:\/\/schmees.com\/web\/wp-content\/uploads\/2016\/04\/links_innocast.jpg 310w\" sizes=\"(max-width: 200px) 100vw, 200px\" \/>Die innocast GmbH ist ein strategischer Netzwerkpartner der SCHMEES cast GmbH. innocast fertigt Null- und Kleinserien im Rapid Manufacturing Verfahren. <a href=\"http:\/\/innocast.de\" target=\"_blank\" rel=\"noopener\">Zur Webseite der innocast GmbH<\/a><\/p>\n<\/div><div class=\"fusion-sep-clear\"><\/div><div class=\"fusion-separator fusion-full-width-sep fusion-clearfix\" style=\"float:left;margin-top:20px;margin-bottom:20px;width:100%;\"><div class=\"fusion-separator-border sep-single sep-solid\" style=\"--awb-height:20px;--awb-amount:20px;border-color:#ea580c;border-top-width:1px;\"><\/div><\/div><div class=\"fusion-sep-clear\"><\/div><div class=\"fusion-text fusion-text-3\"><p><img decoding=\"async\" class=\"img_link alignleft wp-image-1815\" src=\"https:\/\/www.schmees.com\/web\/wp-content\/uploads\/2016\/04\/links_brauhaus-150x150.jpg\" alt=\"\" width=\"200\" height=\"200\" srcset=\"https:\/\/schmees.com\/web\/wp-content\/uploads\/2016\/04\/links_brauhaus-66x66.jpg 66w, https:\/\/schmees.com\/web\/wp-content\/uploads\/2016\/04\/links_brauhaus-150x150.jpg 150w, https:\/\/schmees.com\/web\/wp-content\/uploads\/2016\/04\/links_brauhaus-300x300.jpg 300w, https:\/\/schmees.com\/web\/wp-content\/uploads\/2016\/04\/links_brauhaus.jpg 310w\" sizes=\"(max-width: 200px) 100vw, 200px\" \/>Das Brauhaus Pirna &#8222;Zum Giesser&#8220; wurde im Dezember 1998 im ehemaligen Verwaltungs- und Kantinengeb\u00e4ude der Copitzer Gie\u00dferei er\u00f6ffnet. Im Brauhaus wird unter anderem Bastei-Pils und Giesser Dunkel gebraut. <a href=\"http:\/\/www.brauhaus-pirna.de\" target=\"_blank\" rel=\"noopener\">Brauhaus Pirna &#8222;Zum Giesser&#8220;<\/a><\/p>\n<\/div><div class=\"fusion-sep-clear\"><\/div><div class=\"fusion-separator fusion-full-width-sep fusion-clearfix\" style=\"float:left;margin-top:20px;margin-bottom:20px;width:100%;\"><div class=\"fusion-separator-border sep-single sep-solid\" style=\"--awb-height:20px;--awb-amount:20px;border-color:#ea580c;border-top-width:1px;\"><\/div><\/div><div class=\"fusion-sep-clear\"><\/div><div class=\"fusion-text fusion-text-4\"><p><img decoding=\"async\" class=\"img_link alignleft wp-image-1816\" src=\"https:\/\/www.schmees.com\/web\/wp-content\/uploads\/2016\/04\/links_destille-150x150.jpg\" alt=\"\" width=\"200\" height=\"200\" srcset=\"https:\/\/schmees.com\/web\/wp-content\/uploads\/2016\/04\/links_destille-66x66.jpg 66w, https:\/\/schmees.com\/web\/wp-content\/uploads\/2016\/04\/links_destille-150x150.jpg 150w, https:\/\/schmees.com\/web\/wp-content\/uploads\/2016\/04\/links_destille-300x300.jpg 300w, https:\/\/schmees.com\/web\/wp-content\/uploads\/2016\/04\/links_destille.jpg 310w\" sizes=\"(max-width: 200px) 100vw, 200px\" \/>Im Jahre 2001 kam die Destillerie zur &#8222;Familie&#8220;. Malerisch gelegen zwischen Elbe und Amselgrund entstehen hier DLG-Pr\u00e4mierte Edelgeister aus Fr\u00fcchten, Kr\u00e4utern und Gew\u00fcrzen. <a href=\"http:\/\/www.geistvonrathen.de\" target=\"_blank\" rel=\"noopener\">Destillerie &#8222;Geist von Rathen&#8220;<\/a><\/p>\n<\/div><div class=\"fusion-sep-clear\"><\/div><div class=\"fusion-separator fusion-full-width-sep fusion-clearfix\" style=\"float:left;margin-top:20px;margin-bottom:20px;width:100%;\"><div class=\"fusion-separator-border sep-single sep-solid\" style=\"--awb-height:20px;--awb-amount:20px;border-color:#ea580c;border-top-width:1px;\"><\/div><\/div><div class=\"fusion-sep-clear\"><\/div><div class=\"fusion-text fusion-text-5\"><p><a href=\"https:\/\/www.platzhirsch-pirna.de\/\"><img decoding=\"async\" class=\"img_link alignleft wp-image-6975\" src=\"https:\/\/www.schmees.com\/web\/wp-content\/uploads\/2019\/01\/Logo.png\" alt=\"\" width=\"199\" height=\"265\" srcset=\"https:\/\/schmees.com\/web\/wp-content\/uploads\/2019\/01\/Logo-200x266.png 200w, https:\/\/schmees.com\/web\/wp-content\/uploads\/2019\/01\/Logo-225x300.png 225w, https:\/\/schmees.com\/web\/wp-content\/uploads\/2019\/01\/Logo.png 370w\" sizes=\"(max-width: 199px) 100vw, 199px\" \/><\/a>Der Platzhirsch in Pirna bietet Burger und Bier am Markt 4 &#8211; Darunter unser hausgebrautes Bier vom Brauhaus Pirna, hausgemachte Burger, Salate, Kuchen und Desserts aus regionalen Zutaten direkt in der Altstadt von Pirna. SCHMEES G\u00e4sten empfehlen wir zudem ein leckeres Fr\u00fchst\u00fcck zur St\u00e4rkung vor dem Tagesgesch\u00e4ft.\u00a0<a href=\"http:\/\/platzhirsch-pirna.de\" target=\"_blank\" rel=\"noopener\">https:\/\/www.platzhirsch-pirna.de\/<\/a><\/p>\n<\/div><div class=\"fusion-sep-clear\"><\/div><div class=\"fusion-separator fusion-full-width-sep fusion-clearfix\" style=\"float:left;margin-top:20px;margin-bottom:20px;width:100%;\"><div class=\"fusion-separator-border sep-single sep-solid\" style=\"--awb-height:20px;--awb-amount:20px;border-color:#ea580c;border-top-width:1px;\"><\/div><\/div><div class=\"fusion-sep-clear\"><\/div><div class=\"fusion-text fusion-text-6\"><p><img decoding=\"async\" class=\"img_link alignleft wp-image-6977 \" src=\"https:\/\/www.schmees.com\/web\/wp-content\/uploads\/2019\/01\/Logo_pirnscher_hof.png\" alt=\"\" width=\"205\" height=\"166\" \/>Genie\u00dfen Sie einen Aufenthalt in einem ca. 300 Jahren altem \u201eHakenhaus\u201c. Die Historie erz\u00e4hlt, dass hier Kleinh\u00e4ndler und Handwerker ihre Ware anboten und \u201everh\u00f6kert\u201c haben.<\/p>\n<p>Das schmucke mittelalterliche Haus wurde 2016 in liebevoller Kleinarbeit saniert und verf\u00fcgt nun \u00fcber 24 Zimmer. Der Pirn\u00b4scher Hof geh\u00f6rt zur SCHMEES-Familie.\u00a0<a href=\"https:\/\/www.pirnscher-hof.de\/\" target=\"_blank\" rel=\"noopener\">pirnscher-hof.de<\/a><\/p>\n<\/div><div class=\"fusion-sep-clear\"><\/div><div class=\"fusion-separator fusion-full-width-sep fusion-clearfix\" style=\"float:left;margin-top:20px;margin-bottom:20px;width:100%;\"><div class=\"fusion-separator-border sep-single sep-solid\" style=\"--awb-height:20px;--awb-amount:20px;border-color:#ea580c;border-top-width:1px;\"><\/div><\/div><div class=\"fusion-sep-clear\"><\/div><div class=\"fusion-text fusion-text-7\"><p><img decoding=\"async\" class=\"img_link alignleft wp-image-2029\" src=\"https:\/\/www.schmees.com\/web\/wp-content\/uploads\/2015\/11\/links_meen.jpg\" alt=\"\" width=\"200\" height=\"200\" srcset=\"https:\/\/schmees.com\/web\/wp-content\/uploads\/2015\/11\/links_meen-66x66.jpg 66w, https:\/\/schmees.com\/web\/wp-content\/uploads\/2015\/11\/links_meen-150x150.jpg 150w, https:\/\/schmees.com\/web\/wp-content\/uploads\/2015\/11\/links_meen-300x300.jpg 300w, https:\/\/schmees.com\/web\/wp-content\/uploads\/2015\/11\/links_meen.jpg 310w\" sizes=\"(max-width: 200px) 100vw, 200px\" \/>MEEN &#8211; Ein innovatives Netzwerk f\u00fcr den arabischen Raum. Edelstahlwerke Schmees pr\u00e4sentiert sich im Rahmen eines europ\u00e4ischen Verbundes im Nahen Osten. Infos: <a href=\"http:\/\/meen.ae\/\" target=\"_blank\" rel=\"noopener\">http:\/\/meen.ae\/<\/a><\/p>\n<\/div><div class=\"fusion-sep-clear\"><\/div><div class=\"fusion-separator fusion-full-width-sep fusion-clearfix\" style=\"float:left;margin-top:20px;margin-bottom:20px;width:100%;\"><div class=\"fusion-separator-border sep-single sep-solid\" style=\"--awb-height:20px;--awb-amount:20px;border-color:#ea580c;border-top-width:1px;\"><\/div><\/div><div class=\"fusion-sep-clear\"><\/div><div class=\"fusion-text fusion-text-8\"><p><img decoding=\"async\" class=\"img_link alignleft wp-image-1810\" src=\"https:\/\/www.schmees.com\/web\/wp-content\/uploads\/2016\/04\/links_langenfeld-150x150.jpg\" alt=\"\" width=\"200\" height=\"200\" srcset=\"https:\/\/schmees.com\/web\/wp-content\/uploads\/2016\/04\/links_langenfeld-66x66.jpg 66w, https:\/\/schmees.com\/web\/wp-content\/uploads\/2016\/04\/links_langenfeld-150x150.jpg 150w, https:\/\/schmees.com\/web\/wp-content\/uploads\/2016\/04\/links_langenfeld-300x300.jpg 300w, https:\/\/schmees.com\/web\/wp-content\/uploads\/2016\/04\/links_langenfeld.jpg 310w\" sizes=\"(max-width: 200px) 100vw, 200px\" \/>Die Heimat der SCHMEES cast Langenfeld GmbH. <a href=\"http:\/\/www.langenfeld.de\/\" target=\"_blank\" rel=\"noopener\">Stadt Langenfeld im Rheinland<\/a><\/p>\n<\/div><div class=\"fusion-sep-clear\"><\/div><div class=\"fusion-separator fusion-full-width-sep fusion-clearfix\" style=\"float:left;margin-top:20px;margin-bottom:20px;width:100%;\"><div class=\"fusion-separator-border sep-single sep-solid\" style=\"--awb-height:20px;--awb-amount:20px;border-color:#ea580c;border-top-width:1px;\"><\/div><\/div><div class=\"fusion-sep-clear\"><\/div><div class=\"fusion-text fusion-text-9\"><p><img decoding=\"async\" class=\"img_link alignleft wp-image-1811\" src=\"https:\/\/www.schmees.com\/web\/wp-content\/uploads\/2016\/04\/links_pirna-150x150.jpg\" alt=\"\" width=\"200\" height=\"200\" srcset=\"https:\/\/schmees.com\/web\/wp-content\/uploads\/2016\/04\/links_pirna-66x66.jpg 66w, https:\/\/schmees.com\/web\/wp-content\/uploads\/2016\/04\/links_pirna-150x150.jpg 150w, https:\/\/schmees.com\/web\/wp-content\/uploads\/2016\/04\/links_pirna-300x300.jpg 300w, https:\/\/schmees.com\/web\/wp-content\/uploads\/2016\/04\/links_pirna.jpg 310w\" sizes=\"(max-width: 200px) 100vw, 200px\" \/>Die Heimat der SCHMEES cast Pirna GmbH und seit 1993 der Hauptgesch\u00e4ftssitz in Copitz. <a href=\"http:\/\/www.pirna.de\/\" target=\"_blank\" rel=\"noopener\">Pirna &#8211; Die Stadt zur S\u00e4chsischen Schweiz<\/a><\/p>\n<\/div><div class=\"fusion-sep-clear\"><\/div><div class=\"fusion-separator fusion-full-width-sep fusion-clearfix\" style=\"float:left;margin-top:20px;margin-bottom:20px;width:100%;\"><div class=\"fusion-separator-border sep-single sep-solid\" style=\"--awb-height:20px;--awb-amount:20px;border-color:#ea580c;border-top-width:1px;\"><\/div><\/div><div class=\"fusion-sep-clear\"><\/div><div class=\"fusion-text fusion-text-10\"><p><img decoding=\"async\" class=\"img_link alignleft wp-image-1813\" src=\"https:\/\/www.schmees.com\/web\/wp-content\/uploads\/2016\/04\/links_vorteil_langenfeld-150x150.jpg\" alt=\"\" width=\"200\" height=\"200\" srcset=\"https:\/\/schmees.com\/web\/wp-content\/uploads\/2016\/04\/links_vorteil_langenfeld-66x66.jpg 66w, https:\/\/schmees.com\/web\/wp-content\/uploads\/2016\/04\/links_vorteil_langenfeld-150x150.jpg 150w, https:\/\/schmees.com\/web\/wp-content\/uploads\/2016\/04\/links_vorteil_langenfeld-300x300.jpg 300w, https:\/\/schmees.com\/web\/wp-content\/uploads\/2016\/04\/links_vorteil_langenfeld.jpg 310w\" sizes=\"(max-width: 200px) 100vw, 200px\" \/>Wir unterst\u00fctzen aktiv die Kampagne &#8222;Vorteil Langenfeld&#8220; Als Standortbotschafter freuen wir uns, f\u00fcr den Wirtschaftsstandort Langenfeld zu werben. Als SCHMEES Kunde profitieren Sie mit uns von den Vorteilen, die Langenfeld zu bieten hat. <a href=\"http:\/\/www.in-zukunft-langenfeld.de\/\" target=\"_blank\" rel=\"noopener\">Vorteil Langenfeld. Sehen Sie selbst.<\/a><\/p>\n<\/div><div class=\"fusion-clearfix\"><\/div><\/div><\/div><div class=\"fusion-layout-column fusion_builder_column fusion-builder-column-2 fusion_builder_column_1_5 1_5 fusion-one-fifth fusion-column-last\" style=\"--awb-bg-size:cover;width:20%;width:calc(20% - ( ( 10% ) * 0.2 ) );\"><div class=\"fusion-column-wrapper fusion-flex-column-wrapper-legacy\"><div class=\"fusion-text fusion-text-11\"><h2>Nutzungsbedingungen<\/h2>\n<p>Diese Seite enth\u00e4lt Verweise (Links) auf externe Inhalte. Bitte beachten Sie in diesem Zusammenhang auch unsere Nutzungsbedingungen zur Verlinkung auf fremde Seiten. Die Hinweise finden Sie <a href=\"https:\/\/www.schmees.com\/web\/de\/service\/rechtliches\/\">hier<\/a>.<\/p>\n<\/div><div class=\"fusion-clearfix\"><\/div><\/div><\/div><\/div><\/div><\/p>\n","protected":false},"excerpt":{"rendered":"","protected":false},"author":1,"featured_media":0,"parent":39,"menu_order":8,"comment_status":"closed","ping_status":"closed","template":"100-width.php","meta":{"footnotes":""},"class_list":["post-180","page","type-page","status-publish","hentry"],"yoast_head":"<!-- This site is optimized with the Yoast SEO plugin v26.5 - https:\/\/yoast.com\/wordpress\/plugins\/seo\/ -->\n<title>Links - SCHMEES cast Langenfeld &amp; Pirna GmbH<\/title>\n<meta name=\"robots\" content=\"index, follow, max-snippet:-1, max-image-preview:large, max-video-preview:-1\" \/>\n<link rel=\"canonical\" href=\"https:\/\/schmees.com\/web\/de\/service\/links\/\" \/>\n<meta property=\"og:locale\" content=\"de_DE\" \/>\n<meta property=\"og:type\" content=\"article\" \/>\n<meta property=\"og:title\" content=\"Links - SCHMEES cast Langenfeld &amp; Pirna GmbH\" \/>\n<meta property=\"og:url\" content=\"https:\/\/schmees.com\/web\/de\/service\/links\/\" \/>\n<meta property=\"og:site_name\" content=\"SCHMEES cast Langenfeld &amp; Pirna GmbH\" \/>\n<meta property=\"article:modified_time\" content=\"2024-02-19T17:22:21+00:00\" \/>\n<meta property=\"og:image\" content=\"https:\/\/www.schmees.com\/web\/wp-content\/uploads\/2016\/04\/links_innocast-150x150.jpg\" \/>\n<meta name=\"twitter:card\" content=\"summary_large_image\" \/>\n<meta name=\"twitter:label1\" content=\"Gesch\u00e4tzte Lesezeit\" \/>\n\t<meta name=\"twitter:data1\" content=\"5\u00a0Minuten\" \/>\n<script type=\"application\/ld+json\" class=\"yoast-schema-graph\">{\"@context\":\"https:\/\/schema.org\",\"@graph\":[{\"@type\":\"WebPage\",\"@id\":\"https:\/\/schmees.com\/web\/de\/service\/links\/\",\"url\":\"https:\/\/schmees.com\/web\/de\/service\/links\/\",\"name\":\"Links - SCHMEES cast Langenfeld &amp; Pirna GmbH\",\"isPartOf\":{\"@id\":\"https:\/\/schmees.com\/web\/#website\"},\"primaryImageOfPage\":{\"@id\":\"https:\/\/schmees.com\/web\/de\/service\/links\/#primaryimage\"},\"image\":{\"@id\":\"https:\/\/schmees.com\/web\/de\/service\/links\/#primaryimage\"},\"thumbnailUrl\":\"https:\/\/www.schmees.com\/web\/wp-content\/uploads\/2016\/04\/links_innocast-150x150.jpg\",\"datePublished\":\"2015-11-18T10:09:24+00:00\",\"dateModified\":\"2024-02-19T17:22:21+00:00\",\"breadcrumb\":{\"@id\":\"https:\/\/schmees.com\/web\/de\/service\/links\/#breadcrumb\"},\"inLanguage\":\"de\",\"potentialAction\":[{\"@type\":\"ReadAction\",\"target\":[\"https:\/\/schmees.com\/web\/de\/service\/links\/\"]}]},{\"@type\":\"ImageObject\",\"inLanguage\":\"de\",\"@id\":\"https:\/\/schmees.com\/web\/de\/service\/links\/#primaryimage\",\"url\":\"https:\/\/www.schmees.com\/web\/wp-content\/uploads\/2016\/04\/links_innocast-150x150.jpg\",\"contentUrl\":\"https:\/\/www.schmees.com\/web\/wp-content\/uploads\/2016\/04\/links_innocast-150x150.jpg\"},{\"@type\":\"BreadcrumbList\",\"@id\":\"https:\/\/schmees.com\/web\/de\/service\/links\/#breadcrumb\",\"itemListElement\":[{\"@type\":\"ListItem\",\"position\":1,\"name\":\"Startseite\",\"item\":\"https:\/\/schmees.com\/web\/de\/startseite-2\/\"},{\"@type\":\"ListItem\",\"position\":2,\"name\":\"Service\",\"item\":\"https:\/\/schmees.com\/web\/de\/service\/\"},{\"@type\":\"ListItem\",\"position\":3,\"name\":\"Links\"}]},{\"@type\":\"WebSite\",\"@id\":\"https:\/\/schmees.com\/web\/#website\",\"url\":\"https:\/\/schmees.com\/web\/\",\"name\":\"SCHMEES cast Langenfeld &amp; Pirna GmbH\",\"description\":\"Schmees z\u00e4hlt international zu den f\u00fchrenden Gie\u00dfereien f\u00fcr den Edelstahlguss. Im Bereich Kunstguss ist Schmees f\u00fcr namhafte K\u00fcnstler t\u00e4tig.\",\"publisher\":{\"@id\":\"https:\/\/schmees.com\/web\/#organization\"},\"potentialAction\":[{\"@type\":\"SearchAction\",\"target\":{\"@type\":\"EntryPoint\",\"urlTemplate\":\"https:\/\/schmees.com\/web\/?s={search_term_string}\"},\"query-input\":{\"@type\":\"PropertyValueSpecification\",\"valueRequired\":true,\"valueName\":\"search_term_string\"}}],\"inLanguage\":\"de\"},{\"@type\":\"Organization\",\"@id\":\"https:\/\/schmees.com\/web\/#organization\",\"name\":\"SCHMEES cast Langenfeld GmbH\",\"url\":\"https:\/\/schmees.com\/web\/\",\"logo\":{\"@type\":\"ImageObject\",\"inLanguage\":\"de\",\"@id\":\"https:\/\/schmees.com\/web\/#\/schema\/logo\/image\/\",\"url\":\"https:\/\/schmees.com\/web\/wp-content\/uploads\/2018\/01\/ES_Signet_transparent_claim_left_424x140_mobile_retina.png\",\"contentUrl\":\"https:\/\/schmees.com\/web\/wp-content\/uploads\/2018\/01\/ES_Signet_transparent_claim_left_424x140_mobile_retina.png\",\"width\":424,\"height\":140,\"caption\":\"SCHMEES cast Langenfeld GmbH\"},\"image\":{\"@id\":\"https:\/\/schmees.com\/web\/#\/schema\/logo\/image\/\"}}]}<\/script>\n<!-- \/ Yoast SEO plugin. -->","yoast_head_json":{"title":"Links - SCHMEES cast Langenfeld &amp; Pirna GmbH","robots":{"index":"index","follow":"follow","max-snippet":"max-snippet:-1","max-image-preview":"max-image-preview:large","max-video-preview":"max-video-preview:-1"},"canonical":"https:\/\/schmees.com\/web\/de\/service\/links\/","og_locale":"de_DE","og_type":"article","og_title":"Links - SCHMEES cast Langenfeld &amp; Pirna GmbH","og_url":"https:\/\/schmees.com\/web\/de\/service\/links\/","og_site_name":"SCHMEES cast Langenfeld &amp; Pirna GmbH","article_modified_time":"2024-02-19T17:22:21+00:00","og_image":[{"url":"https:\/\/www.schmees.com\/web\/wp-content\/uploads\/2016\/04\/links_innocast-150x150.jpg","type":"","width":"","height":""}],"twitter_card":"summary_large_image","twitter_misc":{"Gesch\u00e4tzte Lesezeit":"5\u00a0Minuten"},"schema":{"@context":"https:\/\/schema.org","@graph":[{"@type":"WebPage","@id":"https:\/\/schmees.com\/web\/de\/service\/links\/","url":"https:\/\/schmees.com\/web\/de\/service\/links\/","name":"Links - SCHMEES cast Langenfeld &amp; Pirna GmbH","isPartOf":{"@id":"https:\/\/schmees.com\/web\/#website"},"primaryImageOfPage":{"@id":"https:\/\/schmees.com\/web\/de\/service\/links\/#primaryimage"},"image":{"@id":"https:\/\/schmees.com\/web\/de\/service\/links\/#primaryimage"},"thumbnailUrl":"https:\/\/www.schmees.com\/web\/wp-content\/uploads\/2016\/04\/links_innocast-150x150.jpg","datePublished":"2015-11-18T10:09:24+00:00","dateModified":"2024-02-19T17:22:21+00:00","breadcrumb":{"@id":"https:\/\/schmees.com\/web\/de\/service\/links\/#breadcrumb"},"inLanguage":"de","potentialAction":[{"@type":"ReadAction","target":["https:\/\/schmees.com\/web\/de\/service\/links\/"]}]},{"@type":"ImageObject","inLanguage":"de","@id":"https:\/\/schmees.com\/web\/de\/service\/links\/#primaryimage","url":"https:\/\/www.schmees.com\/web\/wp-content\/uploads\/2016\/04\/links_innocast-150x150.jpg","contentUrl":"https:\/\/www.schmees.com\/web\/wp-content\/uploads\/2016\/04\/links_innocast-150x150.jpg"},{"@type":"BreadcrumbList","@id":"https:\/\/schmees.com\/web\/de\/service\/links\/#breadcrumb","itemListElement":[{"@type":"ListItem","position":1,"name":"Startseite","item":"https:\/\/schmees.com\/web\/de\/startseite-2\/"},{"@type":"ListItem","position":2,"name":"Service","item":"https:\/\/schmees.com\/web\/de\/service\/"},{"@type":"ListItem","position":3,"name":"Links"}]},{"@type":"WebSite","@id":"https:\/\/schmees.com\/web\/#website","url":"https:\/\/schmees.com\/web\/","name":"SCHMEES cast Langenfeld &amp; Pirna GmbH","description":"Schmees z\u00e4hlt international zu den f\u00fchrenden Gie\u00dfereien f\u00fcr den Edelstahlguss. Im Bereich Kunstguss ist Schmees f\u00fcr namhafte K\u00fcnstler t\u00e4tig.","publisher":{"@id":"https:\/\/schmees.com\/web\/#organization"},"potentialAction":[{"@type":"SearchAction","target":{"@type":"EntryPoint","urlTemplate":"https:\/\/schmees.com\/web\/?s={search_term_string}"},"query-input":{"@type":"PropertyValueSpecification","valueRequired":true,"valueName":"search_term_string"}}],"inLanguage":"de"},{"@type":"Organization","@id":"https:\/\/schmees.com\/web\/#organization","name":"SCHMEES cast Langenfeld GmbH","url":"https:\/\/schmees.com\/web\/","logo":{"@type":"ImageObject","inLanguage":"de","@id":"https:\/\/schmees.com\/web\/#\/schema\/logo\/image\/","url":"https:\/\/schmees.com\/web\/wp-content\/uploads\/2018\/01\/ES_Signet_transparent_claim_left_424x140_mobile_retina.png","contentUrl":"https:\/\/schmees.com\/web\/wp-content\/uploads\/2018\/01\/ES_Signet_transparent_claim_left_424x140_mobile_retina.png","width":424,"height":140,"caption":"SCHMEES cast Langenfeld GmbH"},"image":{"@id":"https:\/\/schmees.com\/web\/#\/schema\/logo\/image\/"}}]}},"publishpress_future_action":{"enabled":false,"date":"2026-04-23 06:55:42","action":"change-status","newStatus":"draft","terms":[],"taxonomy":"language","extraData":[]},"publishpress_future_workflow_manual_trigger":{"enabledWorkflows":[]},"_links":{"self":[{"href":"https:\/\/schmees.com\/web\/wp-json\/wp\/v2\/pages\/180","targetHints":{"allow":["GET"]}}],"collection":[{"href":"https:\/\/schmees.com\/web\/wp-json\/wp\/v2\/pages"}],"about":[{"href":"https:\/\/schmees.com\/web\/wp-json\/wp\/v2\/types\/page"}],"author":[{"embeddable":true,"href":"https:\/\/schmees.com\/web\/wp-json\/wp\/v2\/users\/1"}],"replies":[{"embeddable":true,"href":"https:\/\/schmees.com\/web\/wp-json\/wp\/v2\/comments?post=180"}],"version-history":[{"count":34,"href":"https:\/\/schmees.com\/web\/wp-json\/wp\/v2\/pages\/180\/revisions"}],"predecessor-version":[{"id":10753,"href":"https:\/\/schmees.com\/web\/wp-json\/wp\/v2\/pages\/180\/revisions\/10753"}],"up":[{"embeddable":true,"href":"https:\/\/schmees.com\/web\/wp-json\/wp\/v2\/pages\/39"}],"wp:attachment":[{"href":"https:\/\/schmees.com\/web\/wp-json\/wp\/v2\/media?parent=180"}],"curies":[{"name":"wp","href":"https:\/\/api.w.org\/{rel}","templated":true}]}}