{"id":176,"date":"2015-11-18T11:07:48","date_gmt":"2015-11-18T10:07:48","guid":{"rendered":"http:\/\/www.schmees.com\/web\/?page_id=176"},"modified":"2026-03-25T12:27:02","modified_gmt":"2026-03-25T11:27:02","slug":"zertifikate","status":"publish","type":"page","link":"https:\/\/schmees.com\/web\/de\/service\/zertifikate\/","title":{"rendered":"Zertifikate"},"content":{"rendered":"<p><div id=\"first_level\" class=\"fusion-container-anchor\"><div class=\"fusion-fullwidth fullwidth-box fusion-builder-row-1 top_spacer nonhundred-percent-fullwidth non-hundred-percent-height-scrolling fusion-no-small-visibility\" style=\"--awb-background-position:left top;--awb-border-sizes-top:0px;--awb-border-sizes-bottom:0px;--awb-border-sizes-left:0px;--awb-border-sizes-right:0px;--awb-border-radius-top-left:0px;--awb-border-radius-top-right:0px;--awb-border-radius-bottom-right:0px;--awb-border-radius-bottom-left:0px;--awb-padding-top:0px;--awb-padding-bottom:0px;--awb-background-color:#f4f4f4;--awb-flex-wrap:wrap;\" ><div class=\"fusion-builder-row fusion-row\"><\/div><\/div><\/div><div id=\"first_level\" class=\"fusion-container-anchor\"><div class=\"fusion-fullwidth fullwidth-box fusion-builder-row-2 nonhundred-percent-fullwidth non-hundred-percent-height-scrolling\" style=\"--awb-background-position:left top;--awb-border-sizes-top:0px;--awb-border-sizes-bottom:0px;--awb-border-sizes-left:0px;--awb-border-sizes-right:0px;--awb-border-radius-top-left:0px;--awb-border-radius-top-right:0px;--awb-border-radius-bottom-right:0px;--awb-border-radius-bottom-left:0px;--awb-padding-top:0px;--awb-padding-bottom:0px;--awb-background-color:#f4f4f4;--awb-flex-wrap:wrap;\" ><div class=\"fusion-builder-row fusion-row\"><div class=\"fusion-layout-column fusion_builder_column fusion-builder-column-0 fusion_builder_column_1_1 1_1 fusion-one-full fusion-column-first fusion-column-last no_margin\" style=\"--awb-bg-blend:overlay;--awb-bg-size:cover;--awb-margin-bottom:40px;\"><div class=\"fusion-column-wrapper fusion-flex-column-wrapper-legacy\"><div class=\"fusion-text fusion-text-1\"><h1>Zertifikate und Zulassungen<\/h1>\n<p>In diesem Download-Bereich finden Sie unsere Zertifikate und Zulassungen. Haben Sie Fragen oder ben\u00f6tigen Sie andere Dokumente? Unsere Ansprechpartner helfen Ihnen gerne weiter wenn Sie weiterf\u00fchrende Informationen ben\u00f6tigen. Bitte nehmen Sie <a href=\"https:\/\/www.schmees.com\/web\/de\/kontakt\/\">Kontakt<\/a> auf.<\/p>\n<\/div><div class=\"fusion-clearfix\"><\/div><\/div><\/div><\/div><\/div><\/div><div class=\"fusion-fullwidth fullwidth-box fusion-builder-row-3 fusion-parallax-none schmees_divider nonhundred-percent-fullwidth non-hundred-percent-height-scrolling\" style=\"--awb-background-position:right center;--awb-border-sizes-top:0px;--awb-border-sizes-bottom:0px;--awb-border-sizes-left:0px;--awb-border-sizes-right:0px;--awb-border-radius-top-left:0px;--awb-border-radius-top-right:0px;--awb-border-radius-bottom-right:0px;--awb-border-radius-bottom-left:0px;--awb-padding-top:20px;--awb-padding-bottom:20px;--awb-background-image:url(&quot;https:\/\/www.schmees.com\/web\/wp-content\/uploads\/2016\/04\/outline_web_divider_2388x62_right_top.png&quot;);--awb-background-size:cover;--awb-flex-wrap:wrap;\" ><div class=\"fusion-builder-row fusion-row\"><\/div><\/div><div class=\"fusion-fullwidth fullwidth-box fusion-builder-row-4 fusion-flex-container hundred-percent-fullwidth non-hundred-percent-height-scrolling\" style=\"--awb-border-radius-top-left:0px;--awb-border-radius-top-right:0px;--awb-border-radius-bottom-right:0px;--awb-border-radius-bottom-left:0px;--awb-overflow:visible;--awb-padding-right:10%;--awb-padding-left:10%;--awb-padding-right-small:20px;--awb-padding-left-small:20px;--awb-flex-wrap:wrap;\" ><div class=\"fusion-builder-row fusion-row fusion-flex-align-items-flex-start fusion-flex-content-wrap\" style=\"width:104% !important;max-width:104% !important;margin-left: calc(-4% \/ 2 );margin-right: calc(-4% \/ 2 );\"><div class=\"fusion-layout-column fusion_builder_column fusion-builder-column-1 fusion_builder_column_1_1 1_1 fusion-flex-column\" style=\"--awb-bg-blend:overlay;--awb-bg-size:cover;--awb-width-large:100%;--awb-margin-top-large:0px;--awb-spacing-right-large:1.92%;--awb-margin-bottom-large:20px;--awb-spacing-left-large:1.92%;--awb-width-medium:100%;--awb-spacing-right-medium:1.92%;--awb-spacing-left-medium:1.92%;--awb-width-small:100%;--awb-spacing-right-small:1.92%;--awb-spacing-left-small:1.92%;\"><div class=\"fusion-column-wrapper fusion-flex-justify-content-flex-start fusion-content-layout-column\"><div class=\"fusion-title title fusion-title-1 sep-underline sep-solid fusion-title-text fusion-title-size-two\" style=\"--awb-margin-top:45px;--awb-sep-color:#ea580c;\"><h2 class=\"fusion-title-heading title-heading-left fusion-responsive-typography-calculated\" style=\"margin:0;--fontSize:20;--minFontSize:20;line-height:1.35;\">Allgemein \/ SCHMEES holding GmbH<\/h2><\/div><div class=\"fusion-text fusion-text-2\"><p><a href=\"https:\/\/schmees.com\/web\/wp-content\/uploads\/2023\/06\/schmees_cast_reach_konfirmationserklaerung_DE.pdf\" target=\"_blank\" rel=\"noopener noreferrer\">Best\u00e4tigung der REACH Konformit\u00e4t<\/a><\/p>\n<p><a href=\"https:\/\/schmees.com\/web\/wp-content\/uploads\/2025\/05\/schmees_holding_standorte_zertifikat_din_en_iso_50001-2018_de.pdf\" target=\"_blank\" rel=\"noopener noreferrer\">Zertifikat SCHMEES holding GmbH DIN EN ISO 50001:2018 (Standort\u00fcbersicht)<\/a><\/p>\n<p><a href=\"https:\/\/schmees.com\/web\/wp-content\/uploads\/2025\/05\/schmees_holding_zertifikat_din_en_iso_50001-2018_de.pdf\" target=\"_blank\" rel=\"noopener noreferrer\">Zertifikat SCHMEES holding GmbH DIN EN ISO 50001:2018<\/a><\/p>\n<\/div><div class=\"fusion-title title fusion-title-2 sep-underline sep-solid fusion-title-text fusion-title-size-two\" style=\"--awb-margin-top:45px;--awb-sep-color:#ea580c;\"><h2 class=\"fusion-title-heading title-heading-left fusion-responsive-typography-calculated\" style=\"margin:0;--fontSize:20;--minFontSize:20;line-height:1.35;\">Zertifikate SCHMEES cast Langenfeld GmbH<\/h2><\/div><div class=\"fusion-text fusion-text-3\"><p><a href=\"https:\/\/schmees.com\/web\/wp-content\/uploads\/2025\/02\/SCHMEES_cast_Zertifikat_ISO_9001_DE_2028_langenfeld.pdf\" target=\"_blank\" rel=\"noopener noreferrer\">Zertifikat ISO 9001 (Deutsch \/ Englisch \/ Franz\u00f6sisch bis 2028)<\/a><\/p>\n<p><a href=\"https:\/\/schmees.com\/web\/wp-content\/uploads\/2025\/05\/schmees_cast_langenfeld_zertifikat_din_en_iso_50001-2018_de.pdf\" target=\"_blank\" rel=\"noopener noreferrer\">Zertifikat DIN EN ISO 50001:2018<\/a><\/p>\n<p><a href=\"https:\/\/schmees.com\/web\/wp-content\/uploads\/2023\/05\/SCHMEES_cast_DNV-GL_Langenfeld_2026_EN.pdf\" target=\"_blank\" rel=\"noopener noreferrer\">DNV GL (ehemals Germanischer Lloyd) Zulassungspr\u00fcfung bis 2026<\/a><\/p>\n<p><a href=\"https:\/\/schmees.com\/web\/wp-content\/uploads\/2024\/03\/schmees_cast_langenfeld_lloyds_register_valid__04_2027.pdf\" target=\"_blank\" rel=\"noopener noreferrer\">Llody\u2018s Register (Gussteile aus Legierungen, austenitischem Edelstahl und martensitischem Edelstahl, Carbon und Nickel) G\u00fcltig bis 04\/2027<\/a><\/p>\n<p><a href=\"https:\/\/schmees.com\/web\/wp-content\/uploads\/2026\/03\/SCHMEES_cast_Langenfeld_Zertifikat_AD2000_W0_2028_DE.pdf\" target=\"_blank\" rel=\"noopener noreferrer\">QM-System nach EN 764-5 4.2 und AD 2000-Merkblatt W0 2028<\/a><\/p>\n<p><a href=\"https:\/\/schmees.com\/web\/wp-content\/uploads\/2024\/12\/QTR_fuer_ASTM_A_995_4A_Sand_2027.pdf\" target=\"_blank\" rel=\"noopener noreferrer\">Qualifizierung nach NORSOK M-650 (Edition 4), MDS D 46 (Rev. 6) \u2013 QTR f\u00fcr ASTM A 995 4A (UNS J92205), Sand<\/a><\/p>\n<p><a href=\"https:\/\/schmees.com\/web\/wp-content\/uploads\/2024\/12\/QTR_fuer_ASTM_A_995_4A_Keramik_2027.pdf\" target=\"_blank\" rel=\"noopener noreferrer\">Qualifizierung nach NORSOK M-650 (Edition 4), MDS D 46 (Rev. 6) \u2013 QTR f\u00fcr ASTM A 995 4A (UNS J92205), Keramik<\/a><\/p>\n<p><a href=\"https:\/\/schmees.com\/web\/wp-content\/uploads\/2024\/06\/QTR_fuer_ASTM_A_995_5A_Sand_2027_rev_2.pdf\" target=\"_blank\" rel=\"noopener noreferrer\">Qualifizierung nach NORSOK M-650 (Edition 4), MDS D 56 (Rev. 6) \u2013 QTR f\u00fcr ASTM A 995 5A (UNS J93404), Sand<\/a><\/p>\n<p><a href=\"https:\/\/schmees.com\/web\/wp-content\/uploads\/2024\/06\/QTR_fuer_ASTM_A_995_5A_Keramik_2027_rev_2.pdf\" target=\"_blank\" rel=\"noopener noreferrer\">Qualifizierung nach NORSOK M-650 (Edition 4), MDS D 56 (Rev. 6) \u2013 QTR f\u00fcr ASTM A 995 5A (UNS J93404), Keramik<\/a><\/p>\n<p><a href=\"https:\/\/www.schmees.com\/web\/wp-content\/uploads\/2018\/02\/QTR_6A-S_signed_FP_2017.pdf\" target=\"_blank\" rel=\"noopener noreferrer\">Qualifizierung nach NORSOK M-650 (Edition 4), MDS D 56 (Rev. 5) \u2013 QTR f\u00fcr ASTM A 995 6A (UNS J93380), Sand<\/a><\/p>\n<p><a href=\"https:\/\/www.schmees.com\/web\/wp-content\/uploads\/2018\/02\/QTR_6A-C_signed_FP_2017.pdf\" target=\"_blank\" rel=\"noopener noreferrer\">Qualifizierung nach NORSOK M-650 (Edition 4), MDS D 56 (Rev. 5) \u2013 QTR f\u00fcr ASTM A 995 6A (UNS J93380), Keramik<\/a><\/p>\n<p><a href=\"https:\/\/schmees.com\/web\/wp-content\/uploads\/2024\/04\/Zertifizierung_nach_AD_2000-HP0-_2027_de.pdf\" target=\"_blank\" rel=\"noopener noreferrer\">Zertifizierung nach AD 2000-HP0 (2027)<\/a><\/p>\n<p><a href=\"https:\/\/schmees.com\/web\/wp-content\/uploads\/2024\/04\/Zertifizierung_nach_DIN_EN_ISO_3834-2-_2027_de.pdf\" target=\"_blank\" rel=\"noopener noreferrer\">Zertifizierung nach DIN EN ISO 3834-2 (2027)<\/a><\/p>\n<p><a href=\"https:\/\/schmees.com\/web\/wp-content\/uploads\/2024\/09\/Zertifikat_Bureau-Vertias_Jul-2028.pdf\" target=\"_blank\" rel=\"noopener noreferrer\">Bureau Veritas, Marine Division Anerkennung f\u00fcr BV Mode II Scheme (2028)<\/a><\/p>\n<\/div><div class=\"fusion-title title fusion-title-3 sep-underline sep-solid fusion-title-text fusion-title-size-two\" style=\"--awb-margin-top:45px;--awb-sep-color:#ea580c;\"><h2 class=\"fusion-title-heading title-heading-left fusion-responsive-typography-calculated\" style=\"margin:0;--fontSize:20;--minFontSize:20;line-height:1.35;\">Zertifikate SCHMEES cast Pirna GmbH<\/h2><\/div><div class=\"fusion-text fusion-text-4\"><p><a href=\"https:\/\/schmees.com\/web\/wp-content\/uploads\/2025\/02\/SCHMEES_cast_Zertifikat_ISO_9001_DE_2028_pirna.pdf\" target=\"_blank\" rel=\"noopener noreferrer\">Zertifikat ISO 9001 (Deutsch \/ Englisch \/ Franz\u00f6sisch bis 2028)<\/a><\/p>\n<p><a href=\"https:\/\/schmees.com\/web\/wp-content\/uploads\/2025\/05\/schmees_cast_pirna_zertifikat_din_en_iso_50001-2018_de.pdf\" target=\"_blank\" rel=\"noopener noreferrer\">Zertifikat DIN EN ISO 50001:2018<\/a><\/p>\n<p><a href=\"https:\/\/schmees.com\/web\/wp-content\/uploads\/2025\/05\/SCHMEES_cast_Certificate_Lloyds_register_Castings_in_alloy_and_martensitic_stainless_steel_EN_2028.pdf\" target=\"_blank\" rel=\"noopener noreferrer\">Lloyds Register (Gussteile aus Legierungen, martensitischem Edelstahl)<\/a><\/p>\n<p><a href=\"https:\/\/schmees.com\/web\/wp-content\/uploads\/2025\/03\/schmees_cast_zertifikat_ad2000_hp0-2028_pirna_en.pdf\" target=\"_blank\" rel=\"noopener noreferrer\">Zertifikat T\u00fcv-S\u00fcd AD 2000-Merkblatt HP 0-2028<\/a><\/p>\n<p><a href=\"https:\/\/schmees.com\/web\/wp-content\/uploads\/2025\/11\/Zertifikat_ISO_3834-2-2028_Pirna_DE.pdf\" target=\"_blank\" rel=\"noopener noreferrer\">Zertifikat T\u00fcv-S\u00fcd DIN EN ISO 3834-2 2028<\/a><\/p>\n<p><a href=\"https:\/\/schmees.com\/web\/wp-content\/uploads\/2025\/04\/SCHMEES_cast_Pirna_Zertifikat_AD2000_W0_2014_68_EU_2028_DE.pdf\" target=\"_blank\" rel=\"noopener noreferrer\">Qualit\u00e4tsmanagement Druckger\u00e4terichtlinie 2014\/68\/EU, AD 2000 W 0 &#8211; 2028<\/a><\/p>\n<p><a href=\"https:\/\/schmees.com\/web\/wp-content\/uploads\/2025\/03\/SCHMEES_cast_DNV-GL_Langenfeld_2027_EN.pdf\">DNV-GL (Det Norske Veritas) Zulassung bis 2027<\/a><\/p>\n<p><a href=\"https:\/\/schmees.com\/web\/wp-content\/uploads\/2025\/06\/SCHMEES_cast_Pirna_Norsok_4A.pdf\" target=\"_blank\" rel=\"noopener noreferrer\">Qualifizierung nach Norsok M-650 QTR 4A ASTM A995 22 Cr-Duplex<\/a><\/p>\n<p><a href=\"https:\/\/schmees.com\/web\/wp-content\/uploads\/2025\/06\/SCHMEES_cast_Pirna_Norsok_5A.pdf\" target=\"_blank\" rel=\"noopener noreferrer\">Qualifizierung nach Norsok M-650 QTR 5A ASTM A995 25 Cr-Duplex<\/a><\/p>\n<p><a href=\"https:\/\/schmees.com\/web\/wp-content\/uploads\/2024\/03\/schmees_cast_pirna_certificate_bureau_veritas_01_-2028.pdf\" target=\"_blank\" rel=\"noopener noreferrer\">Bureau Veritas, Marine Division Anerkennung f\u00fcr BV Mode II Scheme (2028)<\/a><\/p>\n<p><a href=\"https:\/\/schmees.com\/web\/wp-content\/uploads\/2023\/10\/SCHMEES_cast_ABS_components_for_marine_applications_2028.pdf\" target=\"_blank\" rel=\"noopener noreferrer\">ABS &#8211; Stahl- und Edelstahl Gusskomponenten f\u00fcr die Schifffahrt (2028)<\/a><\/p>\n<\/div><\/div><\/div><\/div><\/div><\/p>\n","protected":false},"excerpt":{"rendered":"","protected":false},"author":1,"featured_media":0,"parent":39,"menu_order":7,"comment_status":"closed","ping_status":"closed","template":"100-width.php","meta":{"footnotes":""},"class_list":["post-176","page","type-page","status-publish","hentry"],"yoast_head":"<!-- This site is optimized with the Yoast SEO plugin v26.5 - https:\/\/yoast.com\/wordpress\/plugins\/seo\/ -->\n<title>Zertifikate - SCHMEES cast Langenfeld &amp; Pirna GmbH<\/title>\n<meta name=\"robots\" content=\"index, follow, max-snippet:-1, max-image-preview:large, max-video-preview:-1\" \/>\n<link rel=\"canonical\" href=\"https:\/\/schmees.com\/web\/de\/service\/zertifikate\/\" \/>\n<meta property=\"og:locale\" content=\"de_DE\" \/>\n<meta property=\"og:type\" content=\"article\" \/>\n<meta property=\"og:title\" content=\"Zertifikate - SCHMEES cast Langenfeld &amp; Pirna GmbH\" \/>\n<meta property=\"og:url\" content=\"https:\/\/schmees.com\/web\/de\/service\/zertifikate\/\" \/>\n<meta property=\"og:site_name\" content=\"SCHMEES cast Langenfeld &amp; Pirna GmbH\" \/>\n<meta property=\"article:modified_time\" content=\"2026-03-25T11:27:02+00:00\" \/>\n<meta name=\"twitter:card\" content=\"summary_large_image\" \/>\n<meta name=\"twitter:label1\" content=\"Gesch\u00e4tzte Lesezeit\" \/>\n\t<meta name=\"twitter:data1\" content=\"2\u00a0Minuten\" \/>\n<script type=\"application\/ld+json\" class=\"yoast-schema-graph\">{\"@context\":\"https:\/\/schema.org\",\"@graph\":[{\"@type\":\"WebPage\",\"@id\":\"https:\/\/schmees.com\/web\/de\/service\/zertifikate\/\",\"url\":\"https:\/\/schmees.com\/web\/de\/service\/zertifikate\/\",\"name\":\"Zertifikate - SCHMEES cast Langenfeld &amp; Pirna GmbH\",\"isPartOf\":{\"@id\":\"https:\/\/schmees.com\/web\/#website\"},\"datePublished\":\"2015-11-18T10:07:48+00:00\",\"dateModified\":\"2026-03-25T11:27:02+00:00\",\"breadcrumb\":{\"@id\":\"https:\/\/schmees.com\/web\/de\/service\/zertifikate\/#breadcrumb\"},\"inLanguage\":\"de\",\"potentialAction\":[{\"@type\":\"ReadAction\",\"target\":[\"https:\/\/schmees.com\/web\/de\/service\/zertifikate\/\"]}]},{\"@type\":\"BreadcrumbList\",\"@id\":\"https:\/\/schmees.com\/web\/de\/service\/zertifikate\/#breadcrumb\",\"itemListElement\":[{\"@type\":\"ListItem\",\"position\":1,\"name\":\"Startseite\",\"item\":\"https:\/\/schmees.com\/web\/de\/startseite-2\/\"},{\"@type\":\"ListItem\",\"position\":2,\"name\":\"Service\",\"item\":\"https:\/\/schmees.com\/web\/de\/service\/\"},{\"@type\":\"ListItem\",\"position\":3,\"name\":\"Zertifikate\"}]},{\"@type\":\"WebSite\",\"@id\":\"https:\/\/schmees.com\/web\/#website\",\"url\":\"https:\/\/schmees.com\/web\/\",\"name\":\"SCHMEES cast Langenfeld &amp; Pirna GmbH\",\"description\":\"Schmees z\u00e4hlt international zu den f\u00fchrenden Gie\u00dfereien f\u00fcr den Edelstahlguss. Im Bereich Kunstguss ist Schmees f\u00fcr namhafte K\u00fcnstler t\u00e4tig.\",\"publisher\":{\"@id\":\"https:\/\/schmees.com\/web\/#organization\"},\"potentialAction\":[{\"@type\":\"SearchAction\",\"target\":{\"@type\":\"EntryPoint\",\"urlTemplate\":\"https:\/\/schmees.com\/web\/?s={search_term_string}\"},\"query-input\":{\"@type\":\"PropertyValueSpecification\",\"valueRequired\":true,\"valueName\":\"search_term_string\"}}],\"inLanguage\":\"de\"},{\"@type\":\"Organization\",\"@id\":\"https:\/\/schmees.com\/web\/#organization\",\"name\":\"SCHMEES cast Langenfeld GmbH\",\"url\":\"https:\/\/schmees.com\/web\/\",\"logo\":{\"@type\":\"ImageObject\",\"inLanguage\":\"de\",\"@id\":\"https:\/\/schmees.com\/web\/#\/schema\/logo\/image\/\",\"url\":\"https:\/\/schmees.com\/web\/wp-content\/uploads\/2018\/01\/ES_Signet_transparent_claim_left_424x140_mobile_retina.png\",\"contentUrl\":\"https:\/\/schmees.com\/web\/wp-content\/uploads\/2018\/01\/ES_Signet_transparent_claim_left_424x140_mobile_retina.png\",\"width\":424,\"height\":140,\"caption\":\"SCHMEES cast Langenfeld GmbH\"},\"image\":{\"@id\":\"https:\/\/schmees.com\/web\/#\/schema\/logo\/image\/\"}}]}<\/script>\n<!-- \/ Yoast SEO plugin. -->","yoast_head_json":{"title":"Zertifikate - SCHMEES cast Langenfeld &amp; Pirna GmbH","robots":{"index":"index","follow":"follow","max-snippet":"max-snippet:-1","max-image-preview":"max-image-preview:large","max-video-preview":"max-video-preview:-1"},"canonical":"https:\/\/schmees.com\/web\/de\/service\/zertifikate\/","og_locale":"de_DE","og_type":"article","og_title":"Zertifikate - SCHMEES cast Langenfeld &amp; Pirna GmbH","og_url":"https:\/\/schmees.com\/web\/de\/service\/zertifikate\/","og_site_name":"SCHMEES cast Langenfeld &amp; Pirna GmbH","article_modified_time":"2026-03-25T11:27:02+00:00","twitter_card":"summary_large_image","twitter_misc":{"Gesch\u00e4tzte Lesezeit":"2\u00a0Minuten"},"schema":{"@context":"https:\/\/schema.org","@graph":[{"@type":"WebPage","@id":"https:\/\/schmees.com\/web\/de\/service\/zertifikate\/","url":"https:\/\/schmees.com\/web\/de\/service\/zertifikate\/","name":"Zertifikate - SCHMEES cast Langenfeld &amp; Pirna GmbH","isPartOf":{"@id":"https:\/\/schmees.com\/web\/#website"},"datePublished":"2015-11-18T10:07:48+00:00","dateModified":"2026-03-25T11:27:02+00:00","breadcrumb":{"@id":"https:\/\/schmees.com\/web\/de\/service\/zertifikate\/#breadcrumb"},"inLanguage":"de","potentialAction":[{"@type":"ReadAction","target":["https:\/\/schmees.com\/web\/de\/service\/zertifikate\/"]}]},{"@type":"BreadcrumbList","@id":"https:\/\/schmees.com\/web\/de\/service\/zertifikate\/#breadcrumb","itemListElement":[{"@type":"ListItem","position":1,"name":"Startseite","item":"https:\/\/schmees.com\/web\/de\/startseite-2\/"},{"@type":"ListItem","position":2,"name":"Service","item":"https:\/\/schmees.com\/web\/de\/service\/"},{"@type":"ListItem","position":3,"name":"Zertifikate"}]},{"@type":"WebSite","@id":"https:\/\/schmees.com\/web\/#website","url":"https:\/\/schmees.com\/web\/","name":"SCHMEES cast Langenfeld &amp; Pirna GmbH","description":"Schmees z\u00e4hlt international zu den f\u00fchrenden Gie\u00dfereien f\u00fcr den Edelstahlguss. Im Bereich Kunstguss ist Schmees f\u00fcr namhafte K\u00fcnstler t\u00e4tig.","publisher":{"@id":"https:\/\/schmees.com\/web\/#organization"},"potentialAction":[{"@type":"SearchAction","target":{"@type":"EntryPoint","urlTemplate":"https:\/\/schmees.com\/web\/?s={search_term_string}"},"query-input":{"@type":"PropertyValueSpecification","valueRequired":true,"valueName":"search_term_string"}}],"inLanguage":"de"},{"@type":"Organization","@id":"https:\/\/schmees.com\/web\/#organization","name":"SCHMEES cast Langenfeld GmbH","url":"https:\/\/schmees.com\/web\/","logo":{"@type":"ImageObject","inLanguage":"de","@id":"https:\/\/schmees.com\/web\/#\/schema\/logo\/image\/","url":"https:\/\/schmees.com\/web\/wp-content\/uploads\/2018\/01\/ES_Signet_transparent_claim_left_424x140_mobile_retina.png","contentUrl":"https:\/\/schmees.com\/web\/wp-content\/uploads\/2018\/01\/ES_Signet_transparent_claim_left_424x140_mobile_retina.png","width":424,"height":140,"caption":"SCHMEES cast Langenfeld GmbH"},"image":{"@id":"https:\/\/schmees.com\/web\/#\/schema\/logo\/image\/"}}]}},"publishpress_future_action":{"enabled":false,"date":"2026-04-12 04:13:55","action":"change-status","newStatus":"draft","terms":[],"taxonomy":"language","extraData":[]},"publishpress_future_workflow_manual_trigger":{"enabledWorkflows":[]},"_links":{"self":[{"href":"https:\/\/schmees.com\/web\/wp-json\/wp\/v2\/pages\/176","targetHints":{"allow":["GET"]}}],"collection":[{"href":"https:\/\/schmees.com\/web\/wp-json\/wp\/v2\/pages"}],"about":[{"href":"https:\/\/schmees.com\/web\/wp-json\/wp\/v2\/types\/page"}],"author":[{"embeddable":true,"href":"https:\/\/schmees.com\/web\/wp-json\/wp\/v2\/users\/1"}],"replies":[{"embeddable":true,"href":"https:\/\/schmees.com\/web\/wp-json\/wp\/v2\/comments?post=176"}],"version-history":[{"count":122,"href":"https:\/\/schmees.com\/web\/wp-json\/wp\/v2\/pages\/176\/revisions"}],"predecessor-version":[{"id":13558,"href":"https:\/\/schmees.com\/web\/wp-json\/wp\/v2\/pages\/176\/revisions\/13558"}],"up":[{"embeddable":true,"href":"https:\/\/schmees.com\/web\/wp-json\/wp\/v2\/pages\/39"}],"wp:attachment":[{"href":"https:\/\/schmees.com\/web\/wp-json\/wp\/v2\/media?parent=176"}],"curies":[{"name":"wp","href":"https:\/\/api.w.org\/{rel}","templated":true}]}}