{"id":136,"date":"2015-11-18T10:48:30","date_gmt":"2015-11-18T09:48:30","guid":{"rendered":"http:\/\/www.schmees.com\/web\/?page_id=136"},"modified":"2019-05-18T12:42:02","modified_gmt":"2019-05-18T10:42:02","slug":"prototyping","status":"publish","type":"page","link":"https:\/\/schmees.com\/web\/en\/business\/prototyping\/","title":{"rendered":"Prototyping"},"content":{"rendered":"<p><div class=\"fusion-fullwidth fullwidth-box fusion-builder-row-1 nonhundred-percent-fullwidth non-hundred-percent-height-scrolling\" style=\"--awb-background-position:left top;--awb-border-radius-top-left:0px;--awb-border-radius-top-right:0px;--awb-border-radius-bottom-right:0px;--awb-border-radius-bottom-left:0px;--awb-padding-top:0px;--awb-padding-bottom:0px;--awb-background-color:#f4f4f4;--awb-border-sizes-top:0px;--awb-border-sizes-bottom:0px;--awb-flex-wrap:wrap;\" ><div class=\"fusion-builder-row fusion-row\"><div class=\"fusion-layout-column fusion_builder_column fusion-builder-column-0 fusion_builder_column_1_1 1_1 fusion-one-full fusion-column-first fusion-column-last fusion-column-no-min-height\" style=\"--awb-bg-size:cover;--awb-margin-bottom:0px;\"><div class=\"fusion-column-wrapper fusion-flex-column-wrapper-legacy\"><div class=\"fusion-text fusion-text-1\"><h1>Construction and development<\/h1>\n<p>Quick production of complex castings made of steel and iron with or without forming tool<\/p>\n<\/div><div class=\"fusion-clearfix\"><\/div><\/div><\/div><\/div><\/div><div class=\"fusion-fullwidth fullwidth-box fusion-builder-row-2 fusion-parallax-none schmees_divider nonhundred-percent-fullwidth non-hundred-percent-height-scrolling\" style=\"--awb-background-position:right center;--awb-border-radius-top-left:0px;--awb-border-radius-top-right:0px;--awb-border-radius-bottom-right:0px;--awb-border-radius-bottom-left:0px;--awb-padding-top:20px;--awb-padding-bottom:20px;--awb-background-image:url(&quot;https:\/\/www.schmees.com\/web\/wp-content\/uploads\/2016\/04\/outline_web_divider_2388x62_right_top.png&quot;);--awb-background-size:cover;--awb-border-sizes-top:0px;--awb-border-sizes-bottom:0px;--awb-flex-wrap:wrap;\" ><div class=\"fusion-builder-row fusion-row\"><\/div><\/div><div class=\"fusion-fullwidth fullwidth-box fusion-builder-row-3 nonhundred-percent-fullwidth non-hundred-percent-height-scrolling\" style=\"--awb-background-position:left top;--awb-border-radius-top-left:0px;--awb-border-radius-top-right:0px;--awb-border-radius-bottom-right:0px;--awb-border-radius-bottom-left:0px;--awb-padding-top:80px;--awb-padding-right:5%;--awb-padding-bottom:20px;--awb-padding-left:5%;--awb-border-sizes-top:0px;--awb-border-sizes-bottom:0px;--awb-flex-wrap:wrap;\" ><div class=\"fusion-builder-row fusion-row\"><div class=\"fusion-layout-column fusion_builder_column fusion-builder-column-1 fusion_builder_column_2_5 2_5 fusion-two-fifth fusion-column-first\" style=\"--awb-bg-size:cover;width:37.6%; margin-right: 4%;\"><div class=\"fusion-column-wrapper fusion-flex-column-wrapper-legacy\"><div class=\"fusion-image-element in-legacy-container\" style=\"--awb-bottom-shadow-color:rgba(0,0,0,0.4);--awb-caption-title-font-family:var(--h2_typography-font-family);--awb-caption-title-font-weight:var(--h2_typography-font-weight);--awb-caption-title-font-style:var(--h2_typography-font-style);--awb-caption-title-size:var(--h2_typography-font-size);--awb-caption-title-transform:var(--h2_typography-text-transform);--awb-caption-title-line-height:var(--h2_typography-line-height);--awb-caption-title-letter-spacing:var(--h2_typography-letter-spacing);\"><div class=\"awb-image-frame awb-image-frame-1 awb-bottomshadow\"><span class=\" fusion-imageframe imageframe-bottomshadow imageframe-1 hover-type-none button-round\"><img decoding=\"async\" src=\"https:\/\/www.schmees.com\/web\/wp-content\/uploads\/2016\/05\/prototypen_img_1.jpg\" alt class=\"img-responsive\"\/><\/span><svg xmlns=\"http:\/\/www.w3.org\/2000\/svg\" version=\"1.1\" width=\"100%\" viewBox=\"0 0 600 28\" preserveAspectRatio=\"none\"><g clip-path=\"url(#a)\"><mask id=\"b\" style=\"mask-type:luminance\" maskUnits=\"userSpaceOnUse\" x=\"0\" y=\"0\" width=\"600\" height=\"28\"><path d=\"M0 0h600v28H0V0Z\" fill=\"#fff\"\/><\/mask><g filter=\"url(#c)\" mask=\"url(#b)\"><path d=\"M16.439-18.667h567.123v30.8S438.961-8.4 300-8.4C161.04-8.4 16.438 12.133 16.438 12.133v-30.8Z\" fill=\"#000\"\/><\/g><\/g><defs><clipPath id=\"a\"><path fill=\"#fff\" d=\"M0 0h600v28H0z\"\/><\/clipPath><filter id=\"c\" x=\"5.438\" y=\"-29.667\" width=\"589.123\" height=\"52.8\" filterUnits=\"userSpaceOnUse\" color-interpolation-filters=\"sRGB\"><feFlood flood-opacity=\"0\" result=\"BackgroundImageFix\"\/><feBlend in=\"SourceGraphic\" in2=\"BackgroundImageFix\" result=\"shape\"\/><feGaussianBlur stdDeviation=\"5.5\" result=\"effect1_foregroundBlur_3983_183\"\/><\/filter><\/defs><\/svg><\/div><\/div><div class=\"fusion-clearfix\"><\/div><\/div><\/div><div class=\"fusion-layout-column fusion_builder_column fusion-builder-column-2 fusion_builder_column_1_6 1_6 fusion-one-sixth cp_spacer\" style=\"--awb-bg-size:cover;width:13.3333%; margin-right: 4%;\"><div class=\"fusion-column-wrapper fusion-flex-column-wrapper-legacy\"><div class=\"fusion-clearfix\"><\/div><\/div><\/div><div class=\"fusion-layout-column fusion_builder_column fusion-builder-column-3 fusion_builder_column_2_5 2_5 fusion-two-fifth\" style=\"--awb-padding-top:50px;--awb-padding-right:50px;--awb-padding-bottom:50px;--awb-padding-left:50px;--awb-bg-size:cover;width:37.6%; margin-right: 4%;\"><div class=\"fusion-column-wrapper fusion-flex-column-wrapper-legacy\"><div class=\"fusion-text fusion-text-2\"><p>To meet the requirements of the market for a cheap and efficient production of prototypes, special serial part or pre-series part, we have founded the company innocast GmbH at the site in Langenfeld, in the year 2003.<\/p>\n<p>The manufacturing of those series made of all steel and iron alloys, as well as bronze, aluminum, brass, needs new and future-oriented technologies. innocast is specialized in manufacturing quick and cheap special series-, functional- or pre-series-parts, whose functionality according to the start of production shall be checked.<\/p>\n<p>At this, different casting processes &#8211; according to the special technical needs &#8211; like precision casting, ceramic molding or the sand casting, will be used. The use of different production processes in combination to the large number of suitable alloys guarantees the targeted near production-ready product.<\/p>\n<\/div><div class=\"fusion-clearfix\"><\/div><\/div><\/div><\/div><\/div><div class=\"fusion-fullwidth fullwidth-box fusion-builder-row-4 nonhundred-percent-fullwidth non-hundred-percent-height-scrolling\" style=\"--awb-background-position:left top;--awb-border-radius-top-left:0px;--awb-border-radius-top-right:0px;--awb-border-radius-bottom-right:0px;--awb-border-radius-bottom-left:0px;--awb-padding-top:40px;--awb-padding-bottom:0px;--awb-background-color:#f4f4f4;--awb-border-sizes-top:0px;--awb-border-sizes-bottom:0px;--awb-flex-wrap:wrap;\" ><div class=\"fusion-builder-row fusion-row\"><div class=\"fusion-layout-column fusion_builder_column fusion-builder-column-4 fusion_builder_column_1_1 1_1 fusion-one-full fusion-column-first fusion-column-last fusion-column-no-min-height\" style=\"--awb-bg-size:cover;--awb-margin-bottom:0px;\"><div class=\"fusion-column-wrapper fusion-flex-column-wrapper-legacy\"><div class=\"fusion-text fusion-text-3\"><h1>Innovative casting methods for pre-series prototypes<\/h1>\n<p>Different casting methohods are used for pre-series prototypes. To see in the turbocharger example to the right.<\/p>\n<\/div><div class=\"fusion-clearfix\"><\/div><\/div><\/div><\/div><\/div><div class=\"fusion-fullwidth fullwidth-box fusion-builder-row-5 fusion-parallax-none schmees_divider nonhundred-percent-fullwidth non-hundred-percent-height-scrolling\" style=\"--awb-background-position:right center;--awb-border-radius-top-left:0px;--awb-border-radius-top-right:0px;--awb-border-radius-bottom-right:0px;--awb-border-radius-bottom-left:0px;--awb-padding-top:20px;--awb-padding-bottom:20px;--awb-background-image:url(&quot;https:\/\/www.schmees.com\/web\/wp-content\/uploads\/2016\/04\/outline_web_divider_2388x62_right_top.png&quot;);--awb-background-size:cover;--awb-border-sizes-top:0px;--awb-border-sizes-bottom:0px;--awb-flex-wrap:wrap;\" ><div class=\"fusion-builder-row fusion-row\"><\/div><\/div><div class=\"fusion-fullwidth fullwidth-box fusion-builder-row-6 nonhundred-percent-fullwidth non-hundred-percent-height-scrolling\" style=\"--awb-background-position:left top;--awb-border-radius-top-left:0px;--awb-border-radius-top-right:0px;--awb-border-radius-bottom-right:0px;--awb-border-radius-bottom-left:0px;--awb-padding-top:80px;--awb-padding-right:5%;--awb-padding-bottom:20px;--awb-padding-left:5%;--awb-border-sizes-top:0px;--awb-border-sizes-bottom:0px;--awb-flex-wrap:wrap;\" ><div class=\"fusion-builder-row fusion-row\"><div class=\"fusion-layout-column fusion_builder_column fusion-builder-column-5 fusion_builder_column_2_5 2_5 fusion-two-fifth fusion-column-first\" style=\"--awb-bg-size:cover;width:37.6%; margin-right: 4%;\"><div class=\"fusion-column-wrapper fusion-flex-column-wrapper-legacy\"><div class=\"fusion-image-element in-legacy-container\" style=\"--awb-bottom-shadow-color:rgba(0,0,0,0.4);--awb-caption-title-font-family:var(--h2_typography-font-family);--awb-caption-title-font-weight:var(--h2_typography-font-weight);--awb-caption-title-font-style:var(--h2_typography-font-style);--awb-caption-title-size:var(--h2_typography-font-size);--awb-caption-title-transform:var(--h2_typography-text-transform);--awb-caption-title-line-height:var(--h2_typography-line-height);--awb-caption-title-letter-spacing:var(--h2_typography-letter-spacing);\"><div class=\"awb-image-frame awb-image-frame-2 awb-bottomshadow\"><span class=\" fusion-imageframe imageframe-bottomshadow imageframe-2 hover-type-none button-round\"><img decoding=\"async\" src=\"https:\/\/www.schmees.com\/web\/wp-content\/uploads\/2016\/05\/prototypen_img_2.jpg\" alt class=\"img-responsive\"\/><\/span><svg xmlns=\"http:\/\/www.w3.org\/2000\/svg\" version=\"1.1\" width=\"100%\" viewBox=\"0 0 600 28\" preserveAspectRatio=\"none\"><g clip-path=\"url(#a)\"><mask id=\"b\" style=\"mask-type:luminance\" maskUnits=\"userSpaceOnUse\" x=\"0\" y=\"0\" width=\"600\" height=\"28\"><path d=\"M0 0h600v28H0V0Z\" fill=\"#fff\"\/><\/mask><g filter=\"url(#c)\" mask=\"url(#b)\"><path d=\"M16.439-18.667h567.123v30.8S438.961-8.4 300-8.4C161.04-8.4 16.438 12.133 16.438 12.133v-30.8Z\" fill=\"#000\"\/><\/g><\/g><defs><clipPath id=\"a\"><path fill=\"#fff\" d=\"M0 0h600v28H0z\"\/><\/clipPath><filter id=\"c\" x=\"5.438\" y=\"-29.667\" width=\"589.123\" height=\"52.8\" filterUnits=\"userSpaceOnUse\" color-interpolation-filters=\"sRGB\"><feFlood flood-opacity=\"0\" result=\"BackgroundImageFix\"\/><feBlend in=\"SourceGraphic\" in2=\"BackgroundImageFix\" result=\"shape\"\/><feGaussianBlur stdDeviation=\"5.5\" result=\"effect1_foregroundBlur_3983_183\"\/><\/filter><\/defs><\/svg><\/div><\/div><div class=\"fusion-clearfix\"><\/div><\/div><\/div><div class=\"fusion-layout-column fusion_builder_column fusion-builder-column-6 fusion_builder_column_1_6 1_6 fusion-one-sixth cp_spacer\" style=\"--awb-bg-size:cover;width:13.3333%; margin-right: 4%;\"><div class=\"fusion-column-wrapper fusion-flex-column-wrapper-legacy\"><div class=\"fusion-clearfix\"><\/div><\/div><\/div><div class=\"fusion-layout-column fusion_builder_column fusion-builder-column-7 fusion_builder_column_2_5 2_5 fusion-two-fifth\" style=\"--awb-padding-top:50px;--awb-padding-right:50px;--awb-padding-bottom:50px;--awb-padding-left:50px;--awb-bg-size:cover;width:37.6%; margin-right: 4%;\"><div class=\"fusion-column-wrapper fusion-flex-column-wrapper-legacy\"><div class=\"fusion-text fusion-text-4\"><p>Those first components can be made out of corresponding 3d-constructions within 10 working days. In comparison to serial production, this is much quicker and cheaper, because the costs of tools are avoided.<\/p>\n<p>By selecting suitable production (Additive technologies) and the clever combination of technologies provides SCHMEES in collaboration with innocast the decisive customer benefits: fast, precise and flexible.<\/p>\n<\/div><div class=\"fusion-clearfix\"><\/div><\/div><\/div><\/div><\/div><\/p>\n","protected":false},"excerpt":{"rendered":"","protected":false},"author":1,"featured_media":0,"parent":119,"menu_order":5,"comment_status":"closed","ping_status":"closed","template":"100-width.php","meta":{"footnotes":""},"class_list":["post-136","page","type-page","status-publish","hentry"],"yoast_head":"<!-- This site is optimized with the Yoast SEO plugin v26.5 - https:\/\/yoast.com\/wordpress\/plugins\/seo\/ -->\n<title>Prototyping - SCHMEES cast Langenfeld &amp; Pirna GmbH<\/title>\n<meta name=\"robots\" content=\"index, follow, max-snippet:-1, max-image-preview:large, max-video-preview:-1\" \/>\n<link rel=\"canonical\" href=\"https:\/\/schmees.com\/web\/en\/business\/prototyping\/\" \/>\n<meta property=\"og:locale\" content=\"de_DE\" \/>\n<meta property=\"og:type\" content=\"article\" \/>\n<meta property=\"og:title\" content=\"Prototyping - SCHMEES cast Langenfeld &amp; Pirna GmbH\" \/>\n<meta property=\"og:url\" content=\"https:\/\/schmees.com\/web\/en\/business\/prototyping\/\" \/>\n<meta property=\"og:site_name\" content=\"SCHMEES cast Langenfeld &amp; Pirna GmbH\" \/>\n<meta property=\"article:modified_time\" content=\"2019-05-18T10:42:02+00:00\" \/>\n<meta property=\"og:image\" content=\"https:\/\/www.schmees.com\/web\/wp-content\/uploads\/2016\/05\/prototypen_img_1.jpg\" \/>\n<meta name=\"twitter:card\" content=\"summary_large_image\" \/>\n<meta name=\"twitter:label1\" content=\"Gesch\u00e4tzte Lesezeit\" \/>\n\t<meta name=\"twitter:data1\" content=\"7\u00a0Minuten\" \/>\n<script type=\"application\/ld+json\" class=\"yoast-schema-graph\">{\"@context\":\"https:\/\/schema.org\",\"@graph\":[{\"@type\":\"WebPage\",\"@id\":\"https:\/\/schmees.com\/web\/en\/business\/prototyping\/\",\"url\":\"https:\/\/schmees.com\/web\/en\/business\/prototyping\/\",\"name\":\"Prototyping - SCHMEES cast Langenfeld &amp; Pirna GmbH\",\"isPartOf\":{\"@id\":\"https:\/\/schmees.com\/web\/#website\"},\"primaryImageOfPage\":{\"@id\":\"https:\/\/schmees.com\/web\/en\/business\/prototyping\/#primaryimage\"},\"image\":{\"@id\":\"https:\/\/schmees.com\/web\/en\/business\/prototyping\/#primaryimage\"},\"thumbnailUrl\":\"https:\/\/www.schmees.com\/web\/wp-content\/uploads\/2016\/05\/prototypen_img_1.jpg\",\"datePublished\":\"2015-11-18T09:48:30+00:00\",\"dateModified\":\"2019-05-18T10:42:02+00:00\",\"breadcrumb\":{\"@id\":\"https:\/\/schmees.com\/web\/en\/business\/prototyping\/#breadcrumb\"},\"inLanguage\":\"de\",\"potentialAction\":[{\"@type\":\"ReadAction\",\"target\":[\"https:\/\/schmees.com\/web\/en\/business\/prototyping\/\"]}]},{\"@type\":\"ImageObject\",\"inLanguage\":\"de\",\"@id\":\"https:\/\/schmees.com\/web\/en\/business\/prototyping\/#primaryimage\",\"url\":\"https:\/\/www.schmees.com\/web\/wp-content\/uploads\/2016\/05\/prototypen_img_1.jpg\",\"contentUrl\":\"https:\/\/www.schmees.com\/web\/wp-content\/uploads\/2016\/05\/prototypen_img_1.jpg\"},{\"@type\":\"BreadcrumbList\",\"@id\":\"https:\/\/schmees.com\/web\/en\/business\/prototyping\/#breadcrumb\",\"itemListElement\":[{\"@type\":\"ListItem\",\"position\":1,\"name\":\"Startseite\",\"item\":\"https:\/\/schmees.com\/web\/de\/startseite-2\/\"},{\"@type\":\"ListItem\",\"position\":2,\"name\":\"Business\",\"item\":\"https:\/\/schmees.com\/web\/en\/business\/\"},{\"@type\":\"ListItem\",\"position\":3,\"name\":\"Prototyping\"}]},{\"@type\":\"WebSite\",\"@id\":\"https:\/\/schmees.com\/web\/#website\",\"url\":\"https:\/\/schmees.com\/web\/\",\"name\":\"SCHMEES cast Langenfeld &amp; Pirna GmbH\",\"description\":\"Schmees z\u00e4hlt international zu den f\u00fchrenden Gie\u00dfereien f\u00fcr den Edelstahlguss. Im Bereich Kunstguss ist Schmees f\u00fcr namhafte K\u00fcnstler t\u00e4tig.\",\"publisher\":{\"@id\":\"https:\/\/schmees.com\/web\/#organization\"},\"potentialAction\":[{\"@type\":\"SearchAction\",\"target\":{\"@type\":\"EntryPoint\",\"urlTemplate\":\"https:\/\/schmees.com\/web\/?s={search_term_string}\"},\"query-input\":{\"@type\":\"PropertyValueSpecification\",\"valueRequired\":true,\"valueName\":\"search_term_string\"}}],\"inLanguage\":\"de\"},{\"@type\":\"Organization\",\"@id\":\"https:\/\/schmees.com\/web\/#organization\",\"name\":\"SCHMEES cast Langenfeld GmbH\",\"url\":\"https:\/\/schmees.com\/web\/\",\"logo\":{\"@type\":\"ImageObject\",\"inLanguage\":\"de\",\"@id\":\"https:\/\/schmees.com\/web\/#\/schema\/logo\/image\/\",\"url\":\"https:\/\/schmees.com\/web\/wp-content\/uploads\/2018\/01\/ES_Signet_transparent_claim_left_424x140_mobile_retina.png\",\"contentUrl\":\"https:\/\/schmees.com\/web\/wp-content\/uploads\/2018\/01\/ES_Signet_transparent_claim_left_424x140_mobile_retina.png\",\"width\":424,\"height\":140,\"caption\":\"SCHMEES cast Langenfeld GmbH\"},\"image\":{\"@id\":\"https:\/\/schmees.com\/web\/#\/schema\/logo\/image\/\"}}]}<\/script>\n<!-- \/ Yoast SEO plugin. -->","yoast_head_json":{"title":"Prototyping - SCHMEES cast Langenfeld &amp; Pirna GmbH","robots":{"index":"index","follow":"follow","max-snippet":"max-snippet:-1","max-image-preview":"max-image-preview:large","max-video-preview":"max-video-preview:-1"},"canonical":"https:\/\/schmees.com\/web\/en\/business\/prototyping\/","og_locale":"de_DE","og_type":"article","og_title":"Prototyping - SCHMEES cast Langenfeld &amp; Pirna GmbH","og_url":"https:\/\/schmees.com\/web\/en\/business\/prototyping\/","og_site_name":"SCHMEES cast Langenfeld &amp; Pirna GmbH","article_modified_time":"2019-05-18T10:42:02+00:00","og_image":[{"url":"https:\/\/www.schmees.com\/web\/wp-content\/uploads\/2016\/05\/prototypen_img_1.jpg","type":"","width":"","height":""}],"twitter_card":"summary_large_image","twitter_misc":{"Gesch\u00e4tzte Lesezeit":"7\u00a0Minuten"},"schema":{"@context":"https:\/\/schema.org","@graph":[{"@type":"WebPage","@id":"https:\/\/schmees.com\/web\/en\/business\/prototyping\/","url":"https:\/\/schmees.com\/web\/en\/business\/prototyping\/","name":"Prototyping - SCHMEES cast Langenfeld &amp; Pirna GmbH","isPartOf":{"@id":"https:\/\/schmees.com\/web\/#website"},"primaryImageOfPage":{"@id":"https:\/\/schmees.com\/web\/en\/business\/prototyping\/#primaryimage"},"image":{"@id":"https:\/\/schmees.com\/web\/en\/business\/prototyping\/#primaryimage"},"thumbnailUrl":"https:\/\/www.schmees.com\/web\/wp-content\/uploads\/2016\/05\/prototypen_img_1.jpg","datePublished":"2015-11-18T09:48:30+00:00","dateModified":"2019-05-18T10:42:02+00:00","breadcrumb":{"@id":"https:\/\/schmees.com\/web\/en\/business\/prototyping\/#breadcrumb"},"inLanguage":"de","potentialAction":[{"@type":"ReadAction","target":["https:\/\/schmees.com\/web\/en\/business\/prototyping\/"]}]},{"@type":"ImageObject","inLanguage":"de","@id":"https:\/\/schmees.com\/web\/en\/business\/prototyping\/#primaryimage","url":"https:\/\/www.schmees.com\/web\/wp-content\/uploads\/2016\/05\/prototypen_img_1.jpg","contentUrl":"https:\/\/www.schmees.com\/web\/wp-content\/uploads\/2016\/05\/prototypen_img_1.jpg"},{"@type":"BreadcrumbList","@id":"https:\/\/schmees.com\/web\/en\/business\/prototyping\/#breadcrumb","itemListElement":[{"@type":"ListItem","position":1,"name":"Startseite","item":"https:\/\/schmees.com\/web\/de\/startseite-2\/"},{"@type":"ListItem","position":2,"name":"Business","item":"https:\/\/schmees.com\/web\/en\/business\/"},{"@type":"ListItem","position":3,"name":"Prototyping"}]},{"@type":"WebSite","@id":"https:\/\/schmees.com\/web\/#website","url":"https:\/\/schmees.com\/web\/","name":"SCHMEES cast Langenfeld &amp; Pirna GmbH","description":"Schmees z\u00e4hlt international zu den f\u00fchrenden Gie\u00dfereien f\u00fcr den Edelstahlguss. Im Bereich Kunstguss ist Schmees f\u00fcr namhafte K\u00fcnstler t\u00e4tig.","publisher":{"@id":"https:\/\/schmees.com\/web\/#organization"},"potentialAction":[{"@type":"SearchAction","target":{"@type":"EntryPoint","urlTemplate":"https:\/\/schmees.com\/web\/?s={search_term_string}"},"query-input":{"@type":"PropertyValueSpecification","valueRequired":true,"valueName":"search_term_string"}}],"inLanguage":"de"},{"@type":"Organization","@id":"https:\/\/schmees.com\/web\/#organization","name":"SCHMEES cast Langenfeld GmbH","url":"https:\/\/schmees.com\/web\/","logo":{"@type":"ImageObject","inLanguage":"de","@id":"https:\/\/schmees.com\/web\/#\/schema\/logo\/image\/","url":"https:\/\/schmees.com\/web\/wp-content\/uploads\/2018\/01\/ES_Signet_transparent_claim_left_424x140_mobile_retina.png","contentUrl":"https:\/\/schmees.com\/web\/wp-content\/uploads\/2018\/01\/ES_Signet_transparent_claim_left_424x140_mobile_retina.png","width":424,"height":140,"caption":"SCHMEES cast Langenfeld GmbH"},"image":{"@id":"https:\/\/schmees.com\/web\/#\/schema\/logo\/image\/"}}]}},"publishpress_future_action":{"enabled":false,"date":"2026-04-15 11:02:34","action":"change-status","newStatus":"draft","terms":[],"taxonomy":"language","extraData":[]},"publishpress_future_workflow_manual_trigger":{"enabledWorkflows":[]},"_links":{"self":[{"href":"https:\/\/schmees.com\/web\/wp-json\/wp\/v2\/pages\/136","targetHints":{"allow":["GET"]}}],"collection":[{"href":"https:\/\/schmees.com\/web\/wp-json\/wp\/v2\/pages"}],"about":[{"href":"https:\/\/schmees.com\/web\/wp-json\/wp\/v2\/types\/page"}],"author":[{"embeddable":true,"href":"https:\/\/schmees.com\/web\/wp-json\/wp\/v2\/users\/1"}],"replies":[{"embeddable":true,"href":"https:\/\/schmees.com\/web\/wp-json\/wp\/v2\/comments?post=136"}],"version-history":[{"count":13,"href":"https:\/\/schmees.com\/web\/wp-json\/wp\/v2\/pages\/136\/revisions"}],"predecessor-version":[{"id":7570,"href":"https:\/\/schmees.com\/web\/wp-json\/wp\/v2\/pages\/136\/revisions\/7570"}],"up":[{"embeddable":true,"href":"https:\/\/schmees.com\/web\/wp-json\/wp\/v2\/pages\/119"}],"wp:attachment":[{"href":"https:\/\/schmees.com\/web\/wp-json\/wp\/v2\/media?parent=136"}],"curies":[{"name":"wp","href":"https:\/\/api.w.org\/{rel}","templated":true}]}}