{"id":13483,"date":"2025-11-13T08:13:44","date_gmt":"2025-11-13T07:13:44","guid":{"rendered":"https:\/\/schmees.com\/web\/?page_id=13483"},"modified":"2025-11-13T08:17:29","modified_gmt":"2025-11-13T07:17:29","slug":"beirat","status":"publish","type":"page","link":"https:\/\/schmees.com\/web\/de\/beirat\/","title":{"rendered":"Beirat im Familienunternehmen"},"content":{"rendered":"<p><div class=\"fusion-fullwidth fullwidth-box fusion-builder-row-1 fusion-flex-container has-pattern-background has-mask-background nonhundred-percent-fullwidth non-hundred-percent-height-scrolling\" style=\"--awb-border-radius-top-left:0px;--awb-border-radius-top-right:0px;--awb-border-radius-bottom-right:0px;--awb-border-radius-bottom-left:0px;--awb-padding-top:150px;--awb-padding-right:15%;--awb-padding-bottom:25px;--awb-padding-left:15%;--awb-padding-top-medium:8px;--awb-padding-right-medium:5%;--awb-padding-left-medium:5%;--awb-padding-top-small:24px;--awb-padding-right-small:20px;--awb-padding-left-small:20px;--awb-flex-wrap:wrap;\" ><div class=\"fusion-builder-row fusion-row fusion-flex-align-items-flex-start fusion-flex-content-wrap\" style=\"max-width:104%;margin-left: calc(-4% \/ 2 );margin-right: calc(-4% \/ 2 );\"><div class=\"fusion-layout-column fusion_builder_column fusion-builder-column-0 fusion_builder_column_1_1 1_1 fusion-flex-column\" style=\"--awb-bg-size:cover;--awb-width-large:100%;--awb-margin-top-large:0px;--awb-spacing-right-large:1.92%;--awb-margin-bottom-large:20px;--awb-spacing-left-large:1.92%;--awb-width-medium:100%;--awb-order-medium:0;--awb-spacing-right-medium:1.92%;--awb-spacing-left-medium:1.92%;--awb-width-small:100%;--awb-order-small:0;--awb-spacing-right-small:1.92%;--awb-spacing-left-small:1.92%;\"><div class=\"fusion-column-wrapper fusion-column-has-shadow fusion-flex-justify-content-flex-start fusion-content-layout-column\"><div class=\"fusion-title title fusion-title-1 fusion-sep-none fusion-title-text fusion-title-size-two\" style=\"--awb-margin-top:20px;--awb-margin-bottom:0px;--awb-font-size:1.2em;\"><h2 class=\"fusion-title-heading title-heading-left fusion-responsive-typography-calculated\" style=\"margin:0;font-size:1em;--fontSize:21.6;line-height:1.35;\">SCHMEES cast<\/h2><\/div><div class=\"fusion-title title fusion-title-2 fusion-sep-none fusion-title-text fusion-title-size-one\" style=\"--awb-margin-top:0px;--awb-font-size:2em;\"><h1 class=\"fusion-title-heading title-heading-left fusion-responsive-typography-calculated\" style=\"margin:0;font-size:1em;--fontSize:36;line-height:1.33;\">Beirat im Familienunternehmen<\/h1><\/div><\/div><\/div><\/div><\/div><div class=\"fusion-fullwidth fullwidth-box fusion-builder-row-2 fusion-flex-container has-pattern-background has-mask-background nonhundred-percent-fullwidth non-hundred-percent-height-scrolling\" style=\"--awb-border-radius-top-left:0px;--awb-border-radius-top-right:0px;--awb-border-radius-bottom-right:0px;--awb-border-radius-bottom-left:0px;--awb-padding-right:15%;--awb-padding-bottom:55px;--awb-padding-left:15%;--awb-padding-right-medium:5%;--awb-padding-left-medium:5%;--awb-padding-right-small:00px;--awb-padding-bottom-small:49px;--awb-padding-left-small:0px;--awb-flex-wrap:wrap;\" ><div class=\"fusion-builder-row fusion-row fusion-flex-align-items-flex-start fusion-flex-content-wrap\" style=\"max-width:104%;margin-left: calc(-4% \/ 2 );margin-right: calc(-4% \/ 2 );\"><div class=\"fusion-layout-column fusion_builder_column fusion-builder-column-1 fusion_builder_column_1_1 1_1 fusion-flex-column\" style=\"--awb-padding-right-small:15px;--awb-padding-left-small:15px;--awb-bg-size:cover;--awb-width-large:100%;--awb-margin-top-large:0px;--awb-spacing-right-large:1.92%;--awb-margin-bottom-large:20px;--awb-spacing-left-large:1.92%;--awb-width-medium:100%;--awb-order-medium:0;--awb-spacing-right-medium:1.92%;--awb-spacing-left-medium:1.92%;--awb-width-small:100%;--awb-order-small:0;--awb-spacing-right-small:1.92%;--awb-spacing-left-small:1.92%;\"><div class=\"fusion-column-wrapper fusion-column-has-shadow fusion-flex-justify-content-flex-start fusion-content-layout-column\"><div class=\"fusion-title title fusion-title-3 fusion-sep-none fusion-title-text fusion-title-size-two\" style=\"--awb-font-size:1.5em;\"><h2 class=\"fusion-title-heading title-heading-left fusion-responsive-typography-calculated\" style=\"font-size:1em;--fontSize:27;line-height:1.35;\">Unser Firmenbeirat \u2013 Perspektiven verbinden, Zukunft gestalten<\/h2><\/div><\/div><\/div><div class=\"fusion-layout-column fusion_builder_column fusion-builder-column-2 fusion-flex-column fusion-flex-align-self-center\" style=\"--awb-bg-size:cover;--awb-width-large:60%;--awb-margin-top-large:0px;--awb-spacing-right-large:3.2%;--awb-margin-bottom-large:20px;--awb-spacing-left-large:3.2%;--awb-width-medium:50%;--awb-order-medium:0;--awb-spacing-right-medium:3.84%;--awb-spacing-left-medium:3.84%;--awb-width-small:100%;--awb-order-small:0;--awb-spacing-right-small:1.92%;--awb-spacing-left-small:1.92%;\"><div class=\"fusion-column-wrapper fusion-column-has-shadow fusion-flex-justify-content-flex-start fusion-content-layout-column\"><div class=\"fusion-image-element \" style=\"--awb-caption-title-font-family:var(--h2_typography-font-family);--awb-caption-title-font-weight:var(--h2_typography-font-weight);--awb-caption-title-font-style:var(--h2_typography-font-style);--awb-caption-title-size:var(--h2_typography-font-size);--awb-caption-title-transform:var(--h2_typography-text-transform);--awb-caption-title-line-height:var(--h2_typography-line-height);--awb-caption-title-letter-spacing:var(--h2_typography-letter-spacing);\"><span class=\" fusion-imageframe imageframe-none imageframe-1 hover-type-none\"><img decoding=\"async\" width=\"1920\" height=\"1280\" alt=\"Beirat SCHMEES cast\" title=\"schmees_cast_beirat\" src=\"https:\/\/schmees.com\/web\/wp-content\/uploads\/2025\/10\/schmees_cast_beirat.jpg\" class=\"img-responsive wp-image-13462\" srcset=\"https:\/\/schmees.com\/web\/wp-content\/uploads\/2025\/10\/schmees_cast_beirat-200x133.jpg 200w, https:\/\/schmees.com\/web\/wp-content\/uploads\/2025\/10\/schmees_cast_beirat-400x267.jpg 400w, https:\/\/schmees.com\/web\/wp-content\/uploads\/2025\/10\/schmees_cast_beirat-600x400.jpg 600w, https:\/\/schmees.com\/web\/wp-content\/uploads\/2025\/10\/schmees_cast_beirat-800x533.jpg 800w, https:\/\/schmees.com\/web\/wp-content\/uploads\/2025\/10\/schmees_cast_beirat-1200x800.jpg 1200w, https:\/\/schmees.com\/web\/wp-content\/uploads\/2025\/10\/schmees_cast_beirat.jpg 1920w\" sizes=\"(max-width: 1200px) 100vw, (max-width: 640px) 100vw, 1920px\" \/><\/span><\/div><div class=\"fusion-text fusion-text-1\" style=\"--awb-font-size:0.8em;--awb-line-height:1.4em;--awb-margin-top:15px;--awb-margin-right:15px;--awb-margin-left:15px;\"><p><b>Beirat und Gesch\u00e4ftsf\u00fchrung<\/b>. Von Links: Markus Ulbig, Dominik Baulig (Gf Langenfeld), Clemens Schmees (CEO und Vorsitz), Matthias Pampus-Meder, Julia Eich und Johann Unglaub (Gf Pirna). Foto: Friso Keuris<\/p>\n<\/div><\/div><\/div><div class=\"fusion-layout-column fusion_builder_column fusion-builder-column-3 fusion-flex-column fusion-flex-align-self-center\" style=\"--awb-padding-right-small:15px;--awb-padding-left-small:15px;--awb-bg-size:cover;--awb-width-large:40%;--awb-margin-top-large:0px;--awb-spacing-right-large:4.8%;--awb-margin-bottom-large:20px;--awb-spacing-left-large:4.8%;--awb-width-medium:50%;--awb-order-medium:0;--awb-spacing-right-medium:3.84%;--awb-spacing-left-medium:3.84%;--awb-width-small:100%;--awb-order-small:0;--awb-spacing-right-small:1.92%;--awb-margin-bottom-small:0px;--awb-spacing-left-small:1.92%;\"><div class=\"fusion-column-wrapper fusion-column-has-shadow fusion-flex-justify-content-flex-start fusion-content-layout-column\"><div class=\"fusion-text fusion-text-2\"><p>Familienunternehmen wie SCHMEES cast sind einzigartig: Sie verbinden Tradition, Werte und langfristiges Denken mit wirtschaftlichem Handeln. Gleichzeitig bringen sie besondere Herausforderungen mit sich, denn wenn Familie und Unternehmensf\u00fchrung aufeinandertreffen, spielen pers\u00f6nliche Beziehungen und emotionale Bindungen oft eine gro\u00dfe Rolle. Hinzu kommt, dass sich SCHMEES cast auf einem klaren Wachstumskurs befindet, der spannende Chancen, aber auch komplexe Entscheidungen mit sich bringt. Genau hier setzt unser Firmenbeirat an. Er ber\u00e4t uns bei strategischen Entscheidungen, vermittelt zwischen unterschiedlichen Perspektiven und fordert uns konstruktiv heraus, damit wir unsere ambitionierten Ziele erfolgreich umsetzen k\u00f6nnen.<\/p>\n<\/div><\/div><\/div><div class=\"fusion-layout-column fusion_builder_column fusion-builder-column-4 fusion_builder_column_1_1 1_1 fusion-flex-column\" style=\"--awb-padding-right-small:15px;--awb-padding-left-small:15px;--awb-bg-size:cover;--awb-width-large:100%;--awb-margin-top-large:0px;--awb-spacing-right-large:1.92%;--awb-margin-bottom-large:20px;--awb-spacing-left-large:1.92%;--awb-width-medium:100%;--awb-order-medium:0;--awb-spacing-right-medium:1.92%;--awb-spacing-left-medium:1.92%;--awb-width-small:100%;--awb-order-small:0;--awb-spacing-right-small:1.92%;--awb-spacing-left-small:1.92%;\"><div class=\"fusion-column-wrapper fusion-column-has-shadow fusion-flex-justify-content-flex-start fusion-content-layout-column\"><div class=\"fusion-title title fusion-title-4 fusion-sep-none fusion-title-text fusion-title-size-two\" style=\"--awb-font-size:1.2em;\"><h2 class=\"fusion-title-heading title-heading-left fusion-responsive-typography-calculated\" style=\"font-size:1em;--fontSize:21.6;line-height:1.35;\">Unser Beirat: Verbindung von Tradition und Zukunft<\/h2><\/div><div class=\"fusion-text fusion-text-3\"><p>Unser Beirat besteht aus vier engagierte Pers\u00f6nlichkeiten, die auf unterschiedliche Weise mit dem Unternehmen verbunden sind:<\/p>\n<p>CEO <b>Clemens Schmees<\/b> ist Vorsitzender und bringt als langj\u00e4hriger Kopf des Unternehmens seine umfassende Erfahrung ein.<\/p>\n<p><b>Julia Eich<\/b>, Tochter und Gesellschafterin der Familie Schmees, vertritt im Beirat die Perspektive der n\u00e4chsten Generation und der Nachfolge.<\/p>\n<p>Erg\u00e4nzt werden sie durch externe Freunde und Fachleute:<br \/>\n<b>Markus Ulbig<\/b>, ehemaliger Oberb\u00fcrgermeister und Urgestein von Pirna und S\u00e4chsischer Staatsminister des Innern a.\u202fD., ist heute als Senior Manager in der Beratung nachhaltiger Infrastruktur- und Energiel\u00f6sungen t\u00e4tig. Er bereichert den Beirat mit einer unabh\u00e4ngigen, sachlich-strategischen Sichtweise.<\/p>\n<p><b>Matthias Pampus-Meder<\/b> ist Gesch\u00e4ftsf\u00fchrer der Eisenwerk Br\u00fchl GmbH und selbst tief in der Gie\u00dfereiindustrie verwurzelt. Er bringt langj\u00e4hrige Branchenkenntnis und wertvolle Praxiserfahrung ein. Beide zeichnen sich durch eine tiefe Verbundenheit zum Unternehmen und zur Familie Schmees aus und verbinden dies mit einem objektiven Blick von au\u00dfen.<\/p>\n<p>Was diesen Beirat besonders macht, ist die Verbindung von Familie, Erfahrung und externem Blickwinkel. Er unterst\u00fctzt uns dabei, Entscheidungen fundiert zu treffen, f\u00f6rdert den Dialog zwischen Gesellschaftern und Gesch\u00e4ftsf\u00fchrung und wirkt als moderierendes Bindeglied, wenn unterschiedliche Interessen aufeinandertreffen. Zugleich gibt er Impulse zu Innovation, Nachhaltigkeit und Organisationsentwicklung, st\u00e4rkt unsere Governance-Strukturen, verbindet Tradition mit zukunftsweisenden Ideen und sorgt daf\u00fcr, dass unser Unternehmen professionell und zugleich famili\u00e4r gef\u00fchrt wird.<\/p>\n<p>F\u00fcr uns ist der Beirat nicht nur ein Gremium \u2013 er ist ein Stabilisator, Impulsgeber und Wegbereiter, der die Identit\u00e4t unseres Familienunternehmens bewahrt und uns hilft, gemeinsam in eine erfolgreiche Zukunft zu steuern.<\/p>\n<\/div><\/div><\/div><\/div><\/div><\/p>\n","protected":false},"excerpt":{"rendered":"","protected":false},"author":1,"featured_media":13462,"parent":0,"menu_order":0,"comment_status":"closed","ping_status":"closed","template":"100-width.php","meta":{"footnotes":""},"class_list":["post-13483","page","type-page","status-publish","has-post-thumbnail","hentry"],"yoast_head":"<!-- This site is optimized with the Yoast SEO plugin v26.5 - https:\/\/yoast.com\/wordpress\/plugins\/seo\/ -->\n<title>Beirat im Familienunternehmen - SCHMEES cast Langenfeld &amp; Pirna GmbH<\/title>\n<meta name=\"description\" content=\"Unser Firmenbeirat bei SCHMEES cast verbindet Tradition, Erfahrung und externe Expertise, unterst\u00fctzt strategische Entscheidungen und sichert nachhaltiges Wachstum.\" \/>\n<meta name=\"robots\" content=\"index, follow, max-snippet:-1, max-image-preview:large, max-video-preview:-1\" \/>\n<link rel=\"canonical\" href=\"https:\/\/schmees.com\/web\/de\/beirat\/\" \/>\n<meta property=\"og:locale\" content=\"de_DE\" \/>\n<meta property=\"og:type\" content=\"article\" \/>\n<meta property=\"og:title\" content=\"Beirat im Familienunternehmen - SCHMEES cast Langenfeld &amp; Pirna GmbH\" \/>\n<meta property=\"og:description\" content=\"Unser Firmenbeirat bei SCHMEES cast verbindet Tradition, Erfahrung und externe Expertise, unterst\u00fctzt strategische Entscheidungen und sichert nachhaltiges Wachstum.\" \/>\n<meta property=\"og:url\" content=\"https:\/\/schmees.com\/web\/de\/beirat\/\" \/>\n<meta property=\"og:site_name\" content=\"SCHMEES cast Langenfeld &amp; Pirna GmbH\" \/>\n<meta property=\"article:modified_time\" content=\"2025-11-13T07:17:29+00:00\" \/>\n<meta property=\"og:image\" content=\"https:\/\/schmees.com\/web\/wp-content\/uploads\/2025\/10\/schmees_cast_beirat.jpg\" \/>\n\t<meta property=\"og:image:width\" content=\"1920\" \/>\n\t<meta property=\"og:image:height\" content=\"1280\" \/>\n\t<meta property=\"og:image:type\" content=\"image\/jpeg\" \/>\n<meta name=\"twitter:card\" content=\"summary_large_image\" \/>\n<meta name=\"twitter:label1\" content=\"Gesch\u00e4tzte Lesezeit\" \/>\n\t<meta name=\"twitter:data1\" content=\"3\u00a0Minuten\" \/>\n<script type=\"application\/ld+json\" class=\"yoast-schema-graph\">{\"@context\":\"https:\/\/schema.org\",\"@graph\":[{\"@type\":\"WebPage\",\"@id\":\"https:\/\/schmees.com\/web\/de\/beirat\/\",\"url\":\"https:\/\/schmees.com\/web\/de\/beirat\/\",\"name\":\"Beirat im Familienunternehmen - SCHMEES cast Langenfeld &amp; Pirna GmbH\",\"isPartOf\":{\"@id\":\"https:\/\/schmees.com\/web\/#website\"},\"primaryImageOfPage\":{\"@id\":\"https:\/\/schmees.com\/web\/de\/beirat\/#primaryimage\"},\"image\":{\"@id\":\"https:\/\/schmees.com\/web\/de\/beirat\/#primaryimage\"},\"thumbnailUrl\":\"https:\/\/schmees.com\/web\/wp-content\/uploads\/2025\/10\/schmees_cast_beirat.jpg\",\"datePublished\":\"2025-11-13T07:13:44+00:00\",\"dateModified\":\"2025-11-13T07:17:29+00:00\",\"description\":\"Unser Firmenbeirat bei SCHMEES cast verbindet Tradition, Erfahrung und externe Expertise, unterst\u00fctzt strategische Entscheidungen und sichert nachhaltiges Wachstum.\",\"breadcrumb\":{\"@id\":\"https:\/\/schmees.com\/web\/de\/beirat\/#breadcrumb\"},\"inLanguage\":\"de\",\"potentialAction\":[{\"@type\":\"ReadAction\",\"target\":[\"https:\/\/schmees.com\/web\/de\/beirat\/\"]}]},{\"@type\":\"ImageObject\",\"inLanguage\":\"de\",\"@id\":\"https:\/\/schmees.com\/web\/de\/beirat\/#primaryimage\",\"url\":\"https:\/\/schmees.com\/web\/wp-content\/uploads\/2025\/10\/schmees_cast_beirat.jpg\",\"contentUrl\":\"https:\/\/schmees.com\/web\/wp-content\/uploads\/2025\/10\/schmees_cast_beirat.jpg\",\"width\":1920,\"height\":1280,\"caption\":\"Schmees F\u00fchrung; Markus Ulbig, Dominik Baulig, Clemens Schmees, Matthias Pampus-Meder, Julia Eich, Johann Unglaub\"},{\"@type\":\"BreadcrumbList\",\"@id\":\"https:\/\/schmees.com\/web\/de\/beirat\/#breadcrumb\",\"itemListElement\":[{\"@type\":\"ListItem\",\"position\":1,\"name\":\"Startseite\",\"item\":\"https:\/\/schmees.com\/web\/de\/startseite-2\/\"},{\"@type\":\"ListItem\",\"position\":2,\"name\":\"Beirat im Familienunternehmen\"}]},{\"@type\":\"WebSite\",\"@id\":\"https:\/\/schmees.com\/web\/#website\",\"url\":\"https:\/\/schmees.com\/web\/\",\"name\":\"SCHMEES cast Langenfeld &amp; Pirna GmbH\",\"description\":\"Schmees z\u00e4hlt international zu den f\u00fchrenden Gie\u00dfereien f\u00fcr den Edelstahlguss. Im Bereich Kunstguss ist Schmees f\u00fcr namhafte K\u00fcnstler t\u00e4tig.\",\"publisher\":{\"@id\":\"https:\/\/schmees.com\/web\/#organization\"},\"potentialAction\":[{\"@type\":\"SearchAction\",\"target\":{\"@type\":\"EntryPoint\",\"urlTemplate\":\"https:\/\/schmees.com\/web\/?s={search_term_string}\"},\"query-input\":{\"@type\":\"PropertyValueSpecification\",\"valueRequired\":true,\"valueName\":\"search_term_string\"}}],\"inLanguage\":\"de\"},{\"@type\":\"Organization\",\"@id\":\"https:\/\/schmees.com\/web\/#organization\",\"name\":\"SCHMEES cast Langenfeld GmbH\",\"url\":\"https:\/\/schmees.com\/web\/\",\"logo\":{\"@type\":\"ImageObject\",\"inLanguage\":\"de\",\"@id\":\"https:\/\/schmees.com\/web\/#\/schema\/logo\/image\/\",\"url\":\"https:\/\/schmees.com\/web\/wp-content\/uploads\/2018\/01\/ES_Signet_transparent_claim_left_424x140_mobile_retina.png\",\"contentUrl\":\"https:\/\/schmees.com\/web\/wp-content\/uploads\/2018\/01\/ES_Signet_transparent_claim_left_424x140_mobile_retina.png\",\"width\":424,\"height\":140,\"caption\":\"SCHMEES cast Langenfeld GmbH\"},\"image\":{\"@id\":\"https:\/\/schmees.com\/web\/#\/schema\/logo\/image\/\"}}]}<\/script>\n<!-- \/ Yoast SEO plugin. -->","yoast_head_json":{"title":"Beirat im Familienunternehmen - SCHMEES cast Langenfeld &amp; Pirna GmbH","description":"Unser Firmenbeirat bei SCHMEES cast verbindet Tradition, Erfahrung und externe Expertise, unterst\u00fctzt strategische Entscheidungen und sichert nachhaltiges Wachstum.","robots":{"index":"index","follow":"follow","max-snippet":"max-snippet:-1","max-image-preview":"max-image-preview:large","max-video-preview":"max-video-preview:-1"},"canonical":"https:\/\/schmees.com\/web\/de\/beirat\/","og_locale":"de_DE","og_type":"article","og_title":"Beirat im Familienunternehmen - SCHMEES cast Langenfeld &amp; Pirna GmbH","og_description":"Unser Firmenbeirat bei SCHMEES cast verbindet Tradition, Erfahrung und externe Expertise, unterst\u00fctzt strategische Entscheidungen und sichert nachhaltiges Wachstum.","og_url":"https:\/\/schmees.com\/web\/de\/beirat\/","og_site_name":"SCHMEES cast Langenfeld &amp; Pirna GmbH","article_modified_time":"2025-11-13T07:17:29+00:00","og_image":[{"width":1920,"height":1280,"url":"https:\/\/schmees.com\/web\/wp-content\/uploads\/2025\/10\/schmees_cast_beirat.jpg","type":"image\/jpeg"}],"twitter_card":"summary_large_image","twitter_misc":{"Gesch\u00e4tzte Lesezeit":"3\u00a0Minuten"},"schema":{"@context":"https:\/\/schema.org","@graph":[{"@type":"WebPage","@id":"https:\/\/schmees.com\/web\/de\/beirat\/","url":"https:\/\/schmees.com\/web\/de\/beirat\/","name":"Beirat im Familienunternehmen - SCHMEES cast Langenfeld &amp; Pirna GmbH","isPartOf":{"@id":"https:\/\/schmees.com\/web\/#website"},"primaryImageOfPage":{"@id":"https:\/\/schmees.com\/web\/de\/beirat\/#primaryimage"},"image":{"@id":"https:\/\/schmees.com\/web\/de\/beirat\/#primaryimage"},"thumbnailUrl":"https:\/\/schmees.com\/web\/wp-content\/uploads\/2025\/10\/schmees_cast_beirat.jpg","datePublished":"2025-11-13T07:13:44+00:00","dateModified":"2025-11-13T07:17:29+00:00","description":"Unser Firmenbeirat bei SCHMEES cast verbindet Tradition, Erfahrung und externe Expertise, unterst\u00fctzt strategische Entscheidungen und sichert nachhaltiges Wachstum.","breadcrumb":{"@id":"https:\/\/schmees.com\/web\/de\/beirat\/#breadcrumb"},"inLanguage":"de","potentialAction":[{"@type":"ReadAction","target":["https:\/\/schmees.com\/web\/de\/beirat\/"]}]},{"@type":"ImageObject","inLanguage":"de","@id":"https:\/\/schmees.com\/web\/de\/beirat\/#primaryimage","url":"https:\/\/schmees.com\/web\/wp-content\/uploads\/2025\/10\/schmees_cast_beirat.jpg","contentUrl":"https:\/\/schmees.com\/web\/wp-content\/uploads\/2025\/10\/schmees_cast_beirat.jpg","width":1920,"height":1280,"caption":"Schmees F\u00fchrung; Markus Ulbig, Dominik Baulig, Clemens Schmees, Matthias Pampus-Meder, Julia Eich, Johann Unglaub"},{"@type":"BreadcrumbList","@id":"https:\/\/schmees.com\/web\/de\/beirat\/#breadcrumb","itemListElement":[{"@type":"ListItem","position":1,"name":"Startseite","item":"https:\/\/schmees.com\/web\/de\/startseite-2\/"},{"@type":"ListItem","position":2,"name":"Beirat im Familienunternehmen"}]},{"@type":"WebSite","@id":"https:\/\/schmees.com\/web\/#website","url":"https:\/\/schmees.com\/web\/","name":"SCHMEES cast Langenfeld &amp; Pirna GmbH","description":"Schmees z\u00e4hlt international zu den f\u00fchrenden Gie\u00dfereien f\u00fcr den Edelstahlguss. Im Bereich Kunstguss ist Schmees f\u00fcr namhafte K\u00fcnstler t\u00e4tig.","publisher":{"@id":"https:\/\/schmees.com\/web\/#organization"},"potentialAction":[{"@type":"SearchAction","target":{"@type":"EntryPoint","urlTemplate":"https:\/\/schmees.com\/web\/?s={search_term_string}"},"query-input":{"@type":"PropertyValueSpecification","valueRequired":true,"valueName":"search_term_string"}}],"inLanguage":"de"},{"@type":"Organization","@id":"https:\/\/schmees.com\/web\/#organization","name":"SCHMEES cast Langenfeld GmbH","url":"https:\/\/schmees.com\/web\/","logo":{"@type":"ImageObject","inLanguage":"de","@id":"https:\/\/schmees.com\/web\/#\/schema\/logo\/image\/","url":"https:\/\/schmees.com\/web\/wp-content\/uploads\/2018\/01\/ES_Signet_transparent_claim_left_424x140_mobile_retina.png","contentUrl":"https:\/\/schmees.com\/web\/wp-content\/uploads\/2018\/01\/ES_Signet_transparent_claim_left_424x140_mobile_retina.png","width":424,"height":140,"caption":"SCHMEES cast Langenfeld GmbH"},"image":{"@id":"https:\/\/schmees.com\/web\/#\/schema\/logo\/image\/"}}]}},"publishpress_future_action":{"enabled":false,"date":"2026-04-14 03:24:56","action":"change-status","newStatus":"draft","terms":[],"taxonomy":"language","extraData":[]},"publishpress_future_workflow_manual_trigger":{"enabledWorkflows":[]},"_links":{"self":[{"href":"https:\/\/schmees.com\/web\/wp-json\/wp\/v2\/pages\/13483","targetHints":{"allow":["GET"]}}],"collection":[{"href":"https:\/\/schmees.com\/web\/wp-json\/wp\/v2\/pages"}],"about":[{"href":"https:\/\/schmees.com\/web\/wp-json\/wp\/v2\/types\/page"}],"author":[{"embeddable":true,"href":"https:\/\/schmees.com\/web\/wp-json\/wp\/v2\/users\/1"}],"replies":[{"embeddable":true,"href":"https:\/\/schmees.com\/web\/wp-json\/wp\/v2\/comments?post=13483"}],"version-history":[{"count":3,"href":"https:\/\/schmees.com\/web\/wp-json\/wp\/v2\/pages\/13483\/revisions"}],"predecessor-version":[{"id":13489,"href":"https:\/\/schmees.com\/web\/wp-json\/wp\/v2\/pages\/13483\/revisions\/13489"}],"wp:featuredmedia":[{"embeddable":true,"href":"https:\/\/schmees.com\/web\/wp-json\/wp\/v2\/media\/13462"}],"wp:attachment":[{"href":"https:\/\/schmees.com\/web\/wp-json\/wp\/v2\/media?parent=13483"}],"curies":[{"name":"wp","href":"https:\/\/api.w.org\/{rel}","templated":true}]}}