{"id":13461,"date":"2025-10-17T09:08:07","date_gmt":"2025-10-17T07:08:07","guid":{"rendered":"https:\/\/schmees.com\/web\/de\/?page_id=13461"},"modified":"2025-11-13T08:11:48","modified_gmt":"2025-11-13T07:11:48","slug":"advisory-board","status":"publish","type":"page","link":"https:\/\/schmees.com\/web\/en\/advisory-board\/","title":{"rendered":"Advisory Board in a family Business"},"content":{"rendered":"<p><div class=\"fusion-fullwidth fullwidth-box fusion-builder-row-1 fusion-flex-container has-pattern-background has-mask-background nonhundred-percent-fullwidth non-hundred-percent-height-scrolling\" style=\"--awb-border-radius-top-left:0px;--awb-border-radius-top-right:0px;--awb-border-radius-bottom-right:0px;--awb-border-radius-bottom-left:0px;--awb-padding-top:150px;--awb-padding-right:15%;--awb-padding-bottom:25px;--awb-padding-left:15%;--awb-padding-top-medium:8px;--awb-padding-right-medium:5%;--awb-padding-left-medium:5%;--awb-padding-top-small:24px;--awb-padding-right-small:20px;--awb-padding-left-small:20px;--awb-flex-wrap:wrap;\" ><div class=\"fusion-builder-row fusion-row fusion-flex-align-items-flex-start fusion-flex-content-wrap\" style=\"max-width:104%;margin-left: calc(-4% \/ 2 );margin-right: calc(-4% \/ 2 );\"><div class=\"fusion-layout-column fusion_builder_column fusion-builder-column-0 fusion_builder_column_1_1 1_1 fusion-flex-column\" style=\"--awb-bg-size:cover;--awb-width-large:100%;--awb-margin-top-large:0px;--awb-spacing-right-large:1.92%;--awb-margin-bottom-large:20px;--awb-spacing-left-large:1.92%;--awb-width-medium:100%;--awb-order-medium:0;--awb-spacing-right-medium:1.92%;--awb-spacing-left-medium:1.92%;--awb-width-small:100%;--awb-order-small:0;--awb-spacing-right-small:1.92%;--awb-spacing-left-small:1.92%;\"><div class=\"fusion-column-wrapper fusion-column-has-shadow fusion-flex-justify-content-flex-start fusion-content-layout-column\"><div class=\"fusion-title title fusion-title-1 fusion-sep-none fusion-title-text fusion-title-size-two\" style=\"--awb-margin-top:20px;--awb-margin-bottom:0px;--awb-font-size:1.2em;\"><h2 class=\"fusion-title-heading title-heading-left fusion-responsive-typography-calculated\" style=\"margin:0;font-size:1em;--fontSize:21.6;line-height:1.35;\">SCHMEES cast<\/h2><\/div><div class=\"fusion-title title fusion-title-2 fusion-sep-none fusion-title-text fusion-title-size-one\" style=\"--awb-margin-top:0px;--awb-font-size:2em;\"><h1 class=\"fusion-title-heading title-heading-left fusion-responsive-typography-calculated\" style=\"margin:0;font-size:1em;--fontSize:36;line-height:1.33;\">Advisory Board in a family Business<\/h1><\/div><\/div><\/div><\/div><\/div><div class=\"fusion-fullwidth fullwidth-box fusion-builder-row-2 fusion-flex-container has-pattern-background has-mask-background nonhundred-percent-fullwidth non-hundred-percent-height-scrolling\" style=\"--awb-border-radius-top-left:0px;--awb-border-radius-top-right:0px;--awb-border-radius-bottom-right:0px;--awb-border-radius-bottom-left:0px;--awb-padding-right:15%;--awb-padding-bottom:55px;--awb-padding-left:15%;--awb-padding-right-medium:5%;--awb-padding-left-medium:5%;--awb-padding-right-small:00px;--awb-padding-bottom-small:49px;--awb-padding-left-small:0px;--awb-flex-wrap:wrap;\" ><div class=\"fusion-builder-row fusion-row fusion-flex-align-items-flex-start fusion-flex-content-wrap\" style=\"max-width:104%;margin-left: calc(-4% \/ 2 );margin-right: calc(-4% \/ 2 );\"><div class=\"fusion-layout-column fusion_builder_column fusion-builder-column-1 fusion_builder_column_1_1 1_1 fusion-flex-column\" style=\"--awb-padding-right-small:15px;--awb-padding-left-small:15px;--awb-bg-size:cover;--awb-width-large:100%;--awb-margin-top-large:0px;--awb-spacing-right-large:1.92%;--awb-margin-bottom-large:20px;--awb-spacing-left-large:1.92%;--awb-width-medium:100%;--awb-order-medium:0;--awb-spacing-right-medium:1.92%;--awb-spacing-left-medium:1.92%;--awb-width-small:100%;--awb-order-small:0;--awb-spacing-right-small:1.92%;--awb-spacing-left-small:1.92%;\"><div class=\"fusion-column-wrapper fusion-column-has-shadow fusion-flex-justify-content-flex-start fusion-content-layout-column\"><div class=\"fusion-title title fusion-title-3 fusion-sep-none fusion-title-text fusion-title-size-two\" style=\"--awb-font-size:1.5em;\"><h2 class=\"fusion-title-heading title-heading-left fusion-responsive-typography-calculated\" style=\"font-size:1em;--fontSize:27;line-height:1.35;\">Our Company Advisory Board \u2013 Connecting Perspectives, Shaping the Future<\/h2><\/div><\/div><\/div><div class=\"fusion-layout-column fusion_builder_column fusion-builder-column-2 fusion-flex-column fusion-flex-align-self-center\" style=\"--awb-bg-size:cover;--awb-width-large:60%;--awb-margin-top-large:0px;--awb-spacing-right-large:3.2%;--awb-margin-bottom-large:20px;--awb-spacing-left-large:3.2%;--awb-width-medium:50%;--awb-order-medium:0;--awb-spacing-right-medium:3.84%;--awb-spacing-left-medium:3.84%;--awb-width-small:100%;--awb-order-small:0;--awb-spacing-right-small:1.92%;--awb-spacing-left-small:1.92%;\"><div class=\"fusion-column-wrapper fusion-column-has-shadow fusion-flex-justify-content-flex-start fusion-content-layout-column\"><div class=\"fusion-image-element \" style=\"--awb-caption-title-font-family:var(--h2_typography-font-family);--awb-caption-title-font-weight:var(--h2_typography-font-weight);--awb-caption-title-font-style:var(--h2_typography-font-style);--awb-caption-title-size:var(--h2_typography-font-size);--awb-caption-title-transform:var(--h2_typography-text-transform);--awb-caption-title-line-height:var(--h2_typography-line-height);--awb-caption-title-letter-spacing:var(--h2_typography-letter-spacing);\"><span class=\" fusion-imageframe imageframe-none imageframe-1 hover-type-none\"><img decoding=\"async\" width=\"1920\" height=\"1280\" alt=\"Beirat SCHMEES cast\" title=\"schmees_cast_beirat\" src=\"https:\/\/schmees.com\/web\/wp-content\/uploads\/2025\/10\/schmees_cast_beirat.jpg\" class=\"img-responsive wp-image-13462\" srcset=\"https:\/\/schmees.com\/web\/wp-content\/uploads\/2025\/10\/schmees_cast_beirat-200x133.jpg 200w, https:\/\/schmees.com\/web\/wp-content\/uploads\/2025\/10\/schmees_cast_beirat-400x267.jpg 400w, https:\/\/schmees.com\/web\/wp-content\/uploads\/2025\/10\/schmees_cast_beirat-600x400.jpg 600w, https:\/\/schmees.com\/web\/wp-content\/uploads\/2025\/10\/schmees_cast_beirat-800x533.jpg 800w, https:\/\/schmees.com\/web\/wp-content\/uploads\/2025\/10\/schmees_cast_beirat-1200x800.jpg 1200w, https:\/\/schmees.com\/web\/wp-content\/uploads\/2025\/10\/schmees_cast_beirat.jpg 1920w\" sizes=\"(max-width: 1200px) 100vw, (max-width: 640px) 100vw, 1920px\" \/><\/span><\/div><div class=\"fusion-text fusion-text-1\" style=\"--awb-font-size:0.8em;--awb-line-height:1.4em;--awb-margin-top:15px;--awb-margin-right:15px;--awb-margin-left:15px;\"><p><b>Advisory Board and Management.<\/b> From left: Markus Ulbig, Dominik Baulig (Managing Director Langenfeld), Clemens Schmees (CEO and Chair), Matthias Pampus-Meder, Julia Eich and Johann Unglaub (Managing Director Pirna). Photo: Friso Keuris<\/p>\n<\/div><\/div><\/div><div class=\"fusion-layout-column fusion_builder_column fusion-builder-column-3 fusion-flex-column fusion-flex-align-self-center\" style=\"--awb-padding-right-small:15px;--awb-padding-left-small:15px;--awb-bg-size:cover;--awb-width-large:40%;--awb-margin-top-large:0px;--awb-spacing-right-large:4.8%;--awb-margin-bottom-large:20px;--awb-spacing-left-large:4.8%;--awb-width-medium:50%;--awb-order-medium:0;--awb-spacing-right-medium:3.84%;--awb-spacing-left-medium:3.84%;--awb-width-small:100%;--awb-order-small:0;--awb-spacing-right-small:1.92%;--awb-margin-bottom-small:0px;--awb-spacing-left-small:1.92%;\"><div class=\"fusion-column-wrapper fusion-column-has-shadow fusion-flex-justify-content-flex-start fusion-content-layout-column\"><div class=\"fusion-text fusion-text-2\"><p>Family businesses like SCHMEES cast are truly unique. They combine tradition, strong values and long-term thinking with entrepreneurial action. At the same time they face special challenges, because when family and business leadership come together, personal relationships and emotional ties often play a significant role.<\/p>\n<p>In addition, SCHMEES cast is on a clear path of growth, bringing exciting opportunities but also complex decisions. This is exactly where our Company Advisory Board comes in. It supports us in making strategic decisions, bridges different perspectives and challenges us constructively, helping us turn our ambitious goals into lasting success.<\/p>\n<\/div><\/div><\/div><div class=\"fusion-layout-column fusion_builder_column fusion-builder-column-4 fusion_builder_column_1_1 1_1 fusion-flex-column\" style=\"--awb-padding-right-small:15px;--awb-padding-left-small:15px;--awb-bg-size:cover;--awb-width-large:100%;--awb-margin-top-large:0px;--awb-spacing-right-large:1.92%;--awb-margin-bottom-large:20px;--awb-spacing-left-large:1.92%;--awb-width-medium:100%;--awb-order-medium:0;--awb-spacing-right-medium:1.92%;--awb-spacing-left-medium:1.92%;--awb-width-small:100%;--awb-order-small:0;--awb-spacing-right-small:1.92%;--awb-spacing-left-small:1.92%;\"><div class=\"fusion-column-wrapper fusion-column-has-shadow fusion-flex-justify-content-flex-start fusion-content-layout-column\"><div class=\"fusion-title title fusion-title-4 fusion-sep-none fusion-title-text fusion-title-size-two\" style=\"--awb-font-size:1.2em;\"><h2 class=\"fusion-title-heading title-heading-left fusion-responsive-typography-calculated\" style=\"font-size:1em;--fontSize:21.6;line-height:1.35;\">Our Advisory Board: Bridging Tradition and the Future<\/h2><\/div><div class=\"fusion-text fusion-text-3\"><p>Our Advisory Board is made up of four dedicated individuals, each connected to the company in a unique way.<\/p>\n<p><b>CEO Clemens Schmees<\/b> serves as Chair and brings his extensive experience as the long-standing leader of the company.<\/p>\n<p><b>Julia Eich<\/b>, daughter and shareholder of the Schmees family, represents the perspective of the next generation and succession planning within the board.<\/p>\n<p>They are complemented by external experts and friends of the company:<\/p>\n<p><b>Markus Ulbig<\/b>, former Lord Mayor of Pirna and former Saxon Minister of the Interior, now works as a senior manager in consulting for sustainable infrastructure and energy solutions. He contributes an independent, strategic perspective to the board.<\/p>\n<p><b>Matthias Pampus-Meder<\/b>, Managing Director of Eisenwerk Br\u00fchl GmbH, has deep roots in the foundry industry. He brings extensive industry knowledge and practical experience. Both Markus Ulbig and Matthias Pampus-Meder share a strong connection to the company and the Schmees family while providing an objective external viewpoint.<\/p>\n<p>What makes this Advisory Board special is its combination of family ties, experience, and external insight. It helps us make well-founded decisions, fosters dialogue between shareholders and management, and acts as a moderating link when different interests intersect. At the same time, it provides guidance on innovation, sustainability, and organizational development, strengthens our governance structures, bridges tradition with forward-looking ideas, and ensures that our company is managed professionally while retaining its family values.<\/p>\n<p>For us, the Advisory Board is not just a committee \u2013 it is a stabilizer, a source of inspiration, and a driver of progress. It preserves the identity of our family business and helps us navigate together toward a successful future.<\/p>\n<\/div><\/div><\/div><\/div><\/div><\/p>\n","protected":false},"excerpt":{"rendered":"","protected":false},"author":1,"featured_media":13462,"parent":0,"menu_order":0,"comment_status":"closed","ping_status":"closed","template":"100-width.php","meta":{"footnotes":""},"class_list":["post-13461","page","type-page","status-publish","has-post-thumbnail","hentry"],"yoast_head":"<!-- This site is optimized with the Yoast SEO plugin v26.5 - https:\/\/yoast.com\/wordpress\/plugins\/seo\/ -->\n<title>Advisory Board in a family Business - SCHMEES cast Langenfeld &amp; Pirna GmbH<\/title>\n<meta name=\"robots\" content=\"index, follow, max-snippet:-1, max-image-preview:large, max-video-preview:-1\" \/>\n<link rel=\"canonical\" href=\"https:\/\/schmees.com\/web\/en\/advisory-board\/\" \/>\n<meta property=\"og:locale\" content=\"de_DE\" \/>\n<meta property=\"og:type\" content=\"article\" \/>\n<meta property=\"og:title\" content=\"Advisory Board in a family Business - SCHMEES cast Langenfeld &amp; Pirna GmbH\" \/>\n<meta property=\"og:url\" content=\"https:\/\/schmees.com\/web\/en\/advisory-board\/\" \/>\n<meta property=\"og:site_name\" content=\"SCHMEES cast Langenfeld &amp; Pirna GmbH\" \/>\n<meta property=\"article:modified_time\" content=\"2025-11-13T07:11:48+00:00\" \/>\n<meta property=\"og:image\" content=\"https:\/\/schmees.com\/web\/wp-content\/uploads\/2025\/10\/schmees_cast_beirat.jpg\" \/>\n\t<meta property=\"og:image:width\" content=\"1920\" \/>\n\t<meta property=\"og:image:height\" content=\"1280\" \/>\n\t<meta property=\"og:image:type\" content=\"image\/jpeg\" \/>\n<meta name=\"twitter:card\" content=\"summary_large_image\" \/>\n<meta name=\"twitter:label1\" content=\"Gesch\u00e4tzte Lesezeit\" \/>\n\t<meta name=\"twitter:data1\" content=\"3\u00a0Minuten\" \/>\n<script type=\"application\/ld+json\" class=\"yoast-schema-graph\">{\"@context\":\"https:\/\/schema.org\",\"@graph\":[{\"@type\":\"WebPage\",\"@id\":\"https:\/\/schmees.com\/web\/en\/advisory-board\/\",\"url\":\"https:\/\/schmees.com\/web\/en\/advisory-board\/\",\"name\":\"Advisory Board in a family Business - SCHMEES cast Langenfeld &amp; Pirna GmbH\",\"isPartOf\":{\"@id\":\"https:\/\/schmees.com\/web\/#website\"},\"primaryImageOfPage\":{\"@id\":\"https:\/\/schmees.com\/web\/en\/advisory-board\/#primaryimage\"},\"image\":{\"@id\":\"https:\/\/schmees.com\/web\/en\/advisory-board\/#primaryimage\"},\"thumbnailUrl\":\"https:\/\/schmees.com\/web\/wp-content\/uploads\/2025\/10\/schmees_cast_beirat.jpg\",\"datePublished\":\"2025-10-17T07:08:07+00:00\",\"dateModified\":\"2025-11-13T07:11:48+00:00\",\"breadcrumb\":{\"@id\":\"https:\/\/schmees.com\/web\/en\/advisory-board\/#breadcrumb\"},\"inLanguage\":\"de\",\"potentialAction\":[{\"@type\":\"ReadAction\",\"target\":[\"https:\/\/schmees.com\/web\/en\/advisory-board\/\"]}]},{\"@type\":\"ImageObject\",\"inLanguage\":\"de\",\"@id\":\"https:\/\/schmees.com\/web\/en\/advisory-board\/#primaryimage\",\"url\":\"https:\/\/schmees.com\/web\/wp-content\/uploads\/2025\/10\/schmees_cast_beirat.jpg\",\"contentUrl\":\"https:\/\/schmees.com\/web\/wp-content\/uploads\/2025\/10\/schmees_cast_beirat.jpg\",\"width\":1920,\"height\":1280,\"caption\":\"Schmees F\u00fchrung; Markus Ulbig, Dominik Baulig, Clemens Schmees, Matthias Pampus-Meder, Julia Eich, Johann Unglaub\"},{\"@type\":\"BreadcrumbList\",\"@id\":\"https:\/\/schmees.com\/web\/en\/advisory-board\/#breadcrumb\",\"itemListElement\":[{\"@type\":\"ListItem\",\"position\":1,\"name\":\"Startseite\",\"item\":\"https:\/\/schmees.com\/web\/de\/startseite-2\/\"},{\"@type\":\"ListItem\",\"position\":2,\"name\":\"Advisory Board in a family Business\"}]},{\"@type\":\"WebSite\",\"@id\":\"https:\/\/schmees.com\/web\/#website\",\"url\":\"https:\/\/schmees.com\/web\/\",\"name\":\"SCHMEES cast Langenfeld &amp; Pirna GmbH\",\"description\":\"Schmees z\u00e4hlt international zu den f\u00fchrenden Gie\u00dfereien f\u00fcr den Edelstahlguss. Im Bereich Kunstguss ist Schmees f\u00fcr namhafte K\u00fcnstler t\u00e4tig.\",\"publisher\":{\"@id\":\"https:\/\/schmees.com\/web\/#organization\"},\"potentialAction\":[{\"@type\":\"SearchAction\",\"target\":{\"@type\":\"EntryPoint\",\"urlTemplate\":\"https:\/\/schmees.com\/web\/?s={search_term_string}\"},\"query-input\":{\"@type\":\"PropertyValueSpecification\",\"valueRequired\":true,\"valueName\":\"search_term_string\"}}],\"inLanguage\":\"de\"},{\"@type\":\"Organization\",\"@id\":\"https:\/\/schmees.com\/web\/#organization\",\"name\":\"SCHMEES cast Langenfeld GmbH\",\"url\":\"https:\/\/schmees.com\/web\/\",\"logo\":{\"@type\":\"ImageObject\",\"inLanguage\":\"de\",\"@id\":\"https:\/\/schmees.com\/web\/#\/schema\/logo\/image\/\",\"url\":\"https:\/\/schmees.com\/web\/wp-content\/uploads\/2018\/01\/ES_Signet_transparent_claim_left_424x140_mobile_retina.png\",\"contentUrl\":\"https:\/\/schmees.com\/web\/wp-content\/uploads\/2018\/01\/ES_Signet_transparent_claim_left_424x140_mobile_retina.png\",\"width\":424,\"height\":140,\"caption\":\"SCHMEES cast Langenfeld GmbH\"},\"image\":{\"@id\":\"https:\/\/schmees.com\/web\/#\/schema\/logo\/image\/\"}}]}<\/script>\n<!-- \/ Yoast SEO plugin. -->","yoast_head_json":{"title":"Advisory Board in a family Business - SCHMEES cast Langenfeld &amp; Pirna GmbH","robots":{"index":"index","follow":"follow","max-snippet":"max-snippet:-1","max-image-preview":"max-image-preview:large","max-video-preview":"max-video-preview:-1"},"canonical":"https:\/\/schmees.com\/web\/en\/advisory-board\/","og_locale":"de_DE","og_type":"article","og_title":"Advisory Board in a family Business - SCHMEES cast Langenfeld &amp; Pirna GmbH","og_url":"https:\/\/schmees.com\/web\/en\/advisory-board\/","og_site_name":"SCHMEES cast Langenfeld &amp; Pirna GmbH","article_modified_time":"2025-11-13T07:11:48+00:00","og_image":[{"width":1920,"height":1280,"url":"https:\/\/schmees.com\/web\/wp-content\/uploads\/2025\/10\/schmees_cast_beirat.jpg","type":"image\/jpeg"}],"twitter_card":"summary_large_image","twitter_misc":{"Gesch\u00e4tzte Lesezeit":"3\u00a0Minuten"},"schema":{"@context":"https:\/\/schema.org","@graph":[{"@type":"WebPage","@id":"https:\/\/schmees.com\/web\/en\/advisory-board\/","url":"https:\/\/schmees.com\/web\/en\/advisory-board\/","name":"Advisory Board in a family Business - SCHMEES cast Langenfeld &amp; Pirna GmbH","isPartOf":{"@id":"https:\/\/schmees.com\/web\/#website"},"primaryImageOfPage":{"@id":"https:\/\/schmees.com\/web\/en\/advisory-board\/#primaryimage"},"image":{"@id":"https:\/\/schmees.com\/web\/en\/advisory-board\/#primaryimage"},"thumbnailUrl":"https:\/\/schmees.com\/web\/wp-content\/uploads\/2025\/10\/schmees_cast_beirat.jpg","datePublished":"2025-10-17T07:08:07+00:00","dateModified":"2025-11-13T07:11:48+00:00","breadcrumb":{"@id":"https:\/\/schmees.com\/web\/en\/advisory-board\/#breadcrumb"},"inLanguage":"de","potentialAction":[{"@type":"ReadAction","target":["https:\/\/schmees.com\/web\/en\/advisory-board\/"]}]},{"@type":"ImageObject","inLanguage":"de","@id":"https:\/\/schmees.com\/web\/en\/advisory-board\/#primaryimage","url":"https:\/\/schmees.com\/web\/wp-content\/uploads\/2025\/10\/schmees_cast_beirat.jpg","contentUrl":"https:\/\/schmees.com\/web\/wp-content\/uploads\/2025\/10\/schmees_cast_beirat.jpg","width":1920,"height":1280,"caption":"Schmees F\u00fchrung; Markus Ulbig, Dominik Baulig, Clemens Schmees, Matthias Pampus-Meder, Julia Eich, Johann Unglaub"},{"@type":"BreadcrumbList","@id":"https:\/\/schmees.com\/web\/en\/advisory-board\/#breadcrumb","itemListElement":[{"@type":"ListItem","position":1,"name":"Startseite","item":"https:\/\/schmees.com\/web\/de\/startseite-2\/"},{"@type":"ListItem","position":2,"name":"Advisory Board in a family Business"}]},{"@type":"WebSite","@id":"https:\/\/schmees.com\/web\/#website","url":"https:\/\/schmees.com\/web\/","name":"SCHMEES cast Langenfeld &amp; Pirna GmbH","description":"Schmees z\u00e4hlt international zu den f\u00fchrenden Gie\u00dfereien f\u00fcr den Edelstahlguss. Im Bereich Kunstguss ist Schmees f\u00fcr namhafte K\u00fcnstler t\u00e4tig.","publisher":{"@id":"https:\/\/schmees.com\/web\/#organization"},"potentialAction":[{"@type":"SearchAction","target":{"@type":"EntryPoint","urlTemplate":"https:\/\/schmees.com\/web\/?s={search_term_string}"},"query-input":{"@type":"PropertyValueSpecification","valueRequired":true,"valueName":"search_term_string"}}],"inLanguage":"de"},{"@type":"Organization","@id":"https:\/\/schmees.com\/web\/#organization","name":"SCHMEES cast Langenfeld GmbH","url":"https:\/\/schmees.com\/web\/","logo":{"@type":"ImageObject","inLanguage":"de","@id":"https:\/\/schmees.com\/web\/#\/schema\/logo\/image\/","url":"https:\/\/schmees.com\/web\/wp-content\/uploads\/2018\/01\/ES_Signet_transparent_claim_left_424x140_mobile_retina.png","contentUrl":"https:\/\/schmees.com\/web\/wp-content\/uploads\/2018\/01\/ES_Signet_transparent_claim_left_424x140_mobile_retina.png","width":424,"height":140,"caption":"SCHMEES cast Langenfeld GmbH"},"image":{"@id":"https:\/\/schmees.com\/web\/#\/schema\/logo\/image\/"}}]}},"publishpress_future_action":{"enabled":false,"date":"2026-04-14 05:27:26","action":"change-status","newStatus":"draft","terms":[],"taxonomy":"language","extraData":[]},"publishpress_future_workflow_manual_trigger":{"enabledWorkflows":[]},"_links":{"self":[{"href":"https:\/\/schmees.com\/web\/wp-json\/wp\/v2\/pages\/13461","targetHints":{"allow":["GET"]}}],"collection":[{"href":"https:\/\/schmees.com\/web\/wp-json\/wp\/v2\/pages"}],"about":[{"href":"https:\/\/schmees.com\/web\/wp-json\/wp\/v2\/types\/page"}],"author":[{"embeddable":true,"href":"https:\/\/schmees.com\/web\/wp-json\/wp\/v2\/users\/1"}],"replies":[{"embeddable":true,"href":"https:\/\/schmees.com\/web\/wp-json\/wp\/v2\/comments?post=13461"}],"version-history":[{"count":11,"href":"https:\/\/schmees.com\/web\/wp-json\/wp\/v2\/pages\/13461\/revisions"}],"predecessor-version":[{"id":13486,"href":"https:\/\/schmees.com\/web\/wp-json\/wp\/v2\/pages\/13461\/revisions\/13486"}],"wp:featuredmedia":[{"embeddable":true,"href":"https:\/\/schmees.com\/web\/wp-json\/wp\/v2\/media\/13462"}],"wp:attachment":[{"href":"https:\/\/schmees.com\/web\/wp-json\/wp\/v2\/media?parent=13461"}],"curies":[{"name":"wp","href":"https:\/\/api.w.org\/{rel}","templated":true}]}}