{"id":113,"date":"2015-11-18T10:35:22","date_gmt":"2015-11-18T09:35:22","guid":{"rendered":"http:\/\/www.schmees.com\/web\/?page_id=113"},"modified":"2019-02-27T16:30:38","modified_gmt":"2019-02-27T15:30:38","slug":"jobs","status":"publish","type":"page","link":"https:\/\/schmees.com\/web\/en\/company\/jobs\/","title":{"rendered":"Jobs"},"content":{"rendered":"<p><div class=\"fusion-fullwidth fullwidth-box fusion-builder-row-1 fusion-parallax-none nonhundred-percent-fullwidth non-hundred-percent-height-scrolling fusion-no-small-visibility\" style=\"--awb-background-position:center top;--awb-border-radius-top-left:0px;--awb-border-radius-top-right:0px;--awb-border-radius-bottom-right:0px;--awb-border-radius-bottom-left:0px;--awb-padding-top:0px;--awb-padding-bottom:0px;--awb-background-color:#f4f4f4;--awb-background-image:url(&quot;https:\/\/www.schmees.com\/web\/wp-content\/uploads\/2019\/02\/SCHMEES_cast_header_stellenangebote.jpg&quot;);--awb-background-size:cover;--awb-border-sizes-top:0px;--awb-border-sizes-bottom:0px;--awb-flex-wrap:wrap;\" ><div class=\"fusion-builder-row fusion-row\"><div class=\"fusion-layout-column fusion_builder_column fusion-builder-column-0 fusion_builder_column_1_1 1_1 fusion-one-full fusion-column-first fusion-column-last no_margin\" style=\"--awb-bg-size:cover;\"><div class=\"fusion-column-wrapper fusion-flex-column-wrapper-legacy\"><div class=\"fusion-sep-clear\"><\/div><div class=\"fusion-separator fusion-full-width-sep\" style=\"margin-left: auto;margin-right: auto;margin-bottom:500px;width:100%;\"><\/div><div class=\"fusion-sep-clear\"><\/div><div class=\"fusion-text fusion-text-1 header-overlay-text\"><h2>We hire<\/h2>\n<\/div><div class=\"fusion-sep-clear\"><\/div><div class=\"fusion-separator fusion-full-width-sep\" style=\"margin-left: auto;margin-right: auto;margin-bottom:50px;width:100%;\"><\/div><div class=\"fusion-sep-clear\"><\/div><div class=\"fusion-clearfix\"><\/div><\/div><\/div><\/div><\/div><div id=\"first_level\" class=\"fusion-container-anchor\"><div class=\"fusion-fullwidth fullwidth-box fusion-builder-row-2 nonhundred-percent-fullwidth non-hundred-percent-height-scrolling\" style=\"--awb-background-position:left top;--awb-border-radius-top-left:0px;--awb-border-radius-top-right:0px;--awb-border-radius-bottom-right:0px;--awb-border-radius-bottom-left:0px;--awb-padding-top:0px;--awb-padding-bottom:0px;--awb-background-color:#f4f4f4;--awb-border-sizes-top:0px;--awb-border-sizes-bottom:0px;--awb-flex-wrap:wrap;\" ><div class=\"fusion-builder-row fusion-row\"><div class=\"fusion-layout-column fusion_builder_column fusion-builder-column-1 fusion_builder_column_1_1 1_1 fusion-one-full fusion-column-first fusion-column-last fusion-column-no-min-height\" style=\"--awb-bg-size:cover;--awb-margin-bottom:0px;\"><div class=\"fusion-column-wrapper fusion-flex-column-wrapper-legacy\"><div class=\"fusion-text fusion-text-2\"><h1>Participate in success<\/h1>\n<p>Committed and motivated employees provide every day that casting quality has a name: Edelstahlwerke Schmees.<\/p>\n<\/div><div class=\"fusion-clearfix\"><\/div><\/div><\/div><\/div><\/div><\/div><div class=\"fusion-fullwidth fullwidth-box fusion-builder-row-3 fusion-parallax-none schmees_divider nonhundred-percent-fullwidth non-hundred-percent-height-scrolling\" style=\"--awb-background-position:right center;--awb-border-radius-top-left:0px;--awb-border-radius-top-right:0px;--awb-border-radius-bottom-right:0px;--awb-border-radius-bottom-left:0px;--awb-padding-top:20px;--awb-padding-bottom:20px;--awb-background-image:url(&quot;https:\/\/www.schmees.com\/web\/wp-content\/uploads\/2016\/04\/outline_web_divider_2388x62_right_top.png&quot;);--awb-background-size:cover;--awb-border-sizes-top:0px;--awb-border-sizes-bottom:0px;--awb-flex-wrap:wrap;\" ><div class=\"fusion-builder-row fusion-row\"><\/div><\/div><div class=\"fusion-fullwidth fullwidth-box fusion-builder-row-4 nonhundred-percent-fullwidth non-hundred-percent-height-scrolling\" style=\"--awb-background-position:left top;--awb-border-radius-top-left:0px;--awb-border-radius-top-right:0px;--awb-border-radius-bottom-right:0px;--awb-border-radius-bottom-left:0px;--awb-padding-top:20px;--awb-padding-bottom:20px;--awb-border-sizes-top:0px;--awb-border-sizes-bottom:0px;--awb-flex-wrap:wrap;\" ><div class=\"fusion-builder-row fusion-row\"><div class=\"fusion-layout-column fusion_builder_column fusion-builder-column-2 fusion_builder_column_2_5 2_5 fusion-two-fifth fusion-column-first\" style=\"--awb-bg-size:cover;width:37.6%; margin-right: 4%;\"><div class=\"fusion-column-wrapper fusion-flex-column-wrapper-legacy\"><div class=\"fusion-image-element in-legacy-container\" style=\"--awb-caption-title-font-family:var(--h2_typography-font-family);--awb-caption-title-font-weight:var(--h2_typography-font-weight);--awb-caption-title-font-style:var(--h2_typography-font-style);--awb-caption-title-size:var(--h2_typography-font-size);--awb-caption-title-transform:var(--h2_typography-text-transform);--awb-caption-title-line-height:var(--h2_typography-line-height);--awb-caption-title-letter-spacing:var(--h2_typography-letter-spacing);\"><span class=\" fusion-imageframe imageframe-none imageframe-1 hover-type-none\"><img decoding=\"async\" src=\"https:\/\/www.schmees.com\/web\/wp-content\/uploads\/2015\/11\/Stellenangebote.jpg\" alt class=\"img-responsive\"\/><\/span><\/div><div class=\"fusion-clearfix\"><\/div><\/div><\/div><div class=\"fusion-layout-column fusion_builder_column fusion-builder-column-3 fusion_builder_column_1_6 1_6 fusion-one-sixth cp_spacer\" style=\"--awb-bg-size:cover;width:13.3333%; margin-right: 4%;\"><div class=\"fusion-column-wrapper fusion-flex-column-wrapper-legacy\"><div class=\"fusion-clearfix\"><\/div><\/div><\/div><div class=\"fusion-layout-column fusion_builder_column fusion-builder-column-4 fusion_builder_column_2_5 2_5 fusion-two-fifth\" style=\"--awb-bg-size:cover;width:37.6%; margin-right: 4%;\"><div class=\"fusion-column-wrapper fusion-flex-column-wrapper-legacy\"><div class=\"fusion-text fusion-text-3\"><p>You are looking for a new job-related challenge? You want to get to know the uniqueness of a familial working atmosphere?<\/p>\n<p>Working independently and having a good sense of business is a matter of course for you. . Ideally you possess some professional experience from the stainless steel industry. Dedication and flexibility complete your image.<\/p>\n<p>Our employees have always been and are still the most important factor which achieves the success of the Edelstahlwerke Schmees. The special familial atmosphere, which exists in and between our plants, characterizes us.<\/p>\n<\/div><div class=\"fusion-clearfix\"><\/div><\/div><\/div><div class=\"fusion-layout-column fusion_builder_column fusion-builder-column-5 fusion_builder_column_1_1 1_1 fusion-one-full fusion-column-last\" style=\"--awb-bg-size:cover;\"><div class=\"fusion-column-wrapper fusion-flex-column-wrapper-legacy\"><div class=\"fusion-title title fusion-title-1 sep-underline sep-solid fusion-title-text fusion-title-size-three\"><h3 class=\"fusion-title-heading title-heading-left fusion-responsive-typography-calculated\" style=\"--fontSize:14;--minFontSize:14;line-height:1.71;\">We hire<\/h3><\/div><div class=\"fusion-text fusion-text-4\"><p>We are sorry, but this information is only available in German.<\/p>\n<\/div><div class=\"fusion-clearfix\"><\/div><\/div><\/div><\/div><\/div><\/p>\n","protected":false},"excerpt":{"rendered":"","protected":false},"author":1,"featured_media":0,"parent":16,"menu_order":4,"comment_status":"closed","ping_status":"closed","template":"100-width.php","meta":{"footnotes":""},"class_list":["post-113","page","type-page","status-publish","hentry"],"yoast_head":"<!-- This site is optimized with the Yoast SEO plugin v26.5 - https:\/\/yoast.com\/wordpress\/plugins\/seo\/ -->\n<title>Jobs - SCHMEES cast Langenfeld &amp; Pirna GmbH<\/title>\n<meta name=\"robots\" content=\"index, follow, max-snippet:-1, max-image-preview:large, max-video-preview:-1\" \/>\n<link rel=\"canonical\" href=\"https:\/\/schmees.com\/web\/en\/company\/jobs\/\" \/>\n<meta property=\"og:locale\" content=\"de_DE\" \/>\n<meta property=\"og:type\" content=\"article\" \/>\n<meta property=\"og:title\" content=\"Jobs - SCHMEES cast Langenfeld &amp; Pirna GmbH\" \/>\n<meta property=\"og:url\" content=\"https:\/\/schmees.com\/web\/en\/company\/jobs\/\" \/>\n<meta property=\"og:site_name\" content=\"SCHMEES cast Langenfeld &amp; Pirna GmbH\" \/>\n<meta property=\"article:modified_time\" content=\"2019-02-27T15:30:38+00:00\" \/>\n<meta property=\"og:image\" content=\"https:\/\/www.schmees.com\/web\/wp-content\/uploads\/2015\/11\/Stellenangebote.jpg\" \/>\n<meta name=\"twitter:card\" content=\"summary_large_image\" \/>\n<meta name=\"twitter:label1\" content=\"Gesch\u00e4tzte Lesezeit\" \/>\n\t<meta name=\"twitter:data1\" content=\"6\u00a0Minuten\" \/>\n<script type=\"application\/ld+json\" class=\"yoast-schema-graph\">{\"@context\":\"https:\/\/schema.org\",\"@graph\":[{\"@type\":\"WebPage\",\"@id\":\"https:\/\/schmees.com\/web\/en\/company\/jobs\/\",\"url\":\"https:\/\/schmees.com\/web\/en\/company\/jobs\/\",\"name\":\"Jobs - SCHMEES cast Langenfeld &amp; Pirna GmbH\",\"isPartOf\":{\"@id\":\"https:\/\/schmees.com\/web\/#website\"},\"primaryImageOfPage\":{\"@id\":\"https:\/\/schmees.com\/web\/en\/company\/jobs\/#primaryimage\"},\"image\":{\"@id\":\"https:\/\/schmees.com\/web\/en\/company\/jobs\/#primaryimage\"},\"thumbnailUrl\":\"https:\/\/www.schmees.com\/web\/wp-content\/uploads\/2015\/11\/Stellenangebote.jpg\",\"datePublished\":\"2015-11-18T09:35:22+00:00\",\"dateModified\":\"2019-02-27T15:30:38+00:00\",\"breadcrumb\":{\"@id\":\"https:\/\/schmees.com\/web\/en\/company\/jobs\/#breadcrumb\"},\"inLanguage\":\"de\",\"potentialAction\":[{\"@type\":\"ReadAction\",\"target\":[\"https:\/\/schmees.com\/web\/en\/company\/jobs\/\"]}]},{\"@type\":\"ImageObject\",\"inLanguage\":\"de\",\"@id\":\"https:\/\/schmees.com\/web\/en\/company\/jobs\/#primaryimage\",\"url\":\"https:\/\/www.schmees.com\/web\/wp-content\/uploads\/2015\/11\/Stellenangebote.jpg\",\"contentUrl\":\"https:\/\/www.schmees.com\/web\/wp-content\/uploads\/2015\/11\/Stellenangebote.jpg\"},{\"@type\":\"BreadcrumbList\",\"@id\":\"https:\/\/schmees.com\/web\/en\/company\/jobs\/#breadcrumb\",\"itemListElement\":[{\"@type\":\"ListItem\",\"position\":1,\"name\":\"Startseite\",\"item\":\"https:\/\/schmees.com\/web\/de\/startseite-2\/\"},{\"@type\":\"ListItem\",\"position\":2,\"name\":\"Company\",\"item\":\"https:\/\/schmees.com\/web\/en\/company\/\"},{\"@type\":\"ListItem\",\"position\":3,\"name\":\"Jobs\"}]},{\"@type\":\"WebSite\",\"@id\":\"https:\/\/schmees.com\/web\/#website\",\"url\":\"https:\/\/schmees.com\/web\/\",\"name\":\"SCHMEES cast Langenfeld &amp; Pirna GmbH\",\"description\":\"Schmees z\u00e4hlt international zu den f\u00fchrenden Gie\u00dfereien f\u00fcr den Edelstahlguss. Im Bereich Kunstguss ist Schmees f\u00fcr namhafte K\u00fcnstler t\u00e4tig.\",\"publisher\":{\"@id\":\"https:\/\/schmees.com\/web\/#organization\"},\"potentialAction\":[{\"@type\":\"SearchAction\",\"target\":{\"@type\":\"EntryPoint\",\"urlTemplate\":\"https:\/\/schmees.com\/web\/?s={search_term_string}\"},\"query-input\":{\"@type\":\"PropertyValueSpecification\",\"valueRequired\":true,\"valueName\":\"search_term_string\"}}],\"inLanguage\":\"de\"},{\"@type\":\"Organization\",\"@id\":\"https:\/\/schmees.com\/web\/#organization\",\"name\":\"SCHMEES cast Langenfeld GmbH\",\"url\":\"https:\/\/schmees.com\/web\/\",\"logo\":{\"@type\":\"ImageObject\",\"inLanguage\":\"de\",\"@id\":\"https:\/\/schmees.com\/web\/#\/schema\/logo\/image\/\",\"url\":\"https:\/\/schmees.com\/web\/wp-content\/uploads\/2018\/01\/ES_Signet_transparent_claim_left_424x140_mobile_retina.png\",\"contentUrl\":\"https:\/\/schmees.com\/web\/wp-content\/uploads\/2018\/01\/ES_Signet_transparent_claim_left_424x140_mobile_retina.png\",\"width\":424,\"height\":140,\"caption\":\"SCHMEES cast Langenfeld GmbH\"},\"image\":{\"@id\":\"https:\/\/schmees.com\/web\/#\/schema\/logo\/image\/\"}}]}<\/script>\n<!-- \/ Yoast SEO plugin. -->","yoast_head_json":{"title":"Jobs - SCHMEES cast Langenfeld &amp; Pirna GmbH","robots":{"index":"index","follow":"follow","max-snippet":"max-snippet:-1","max-image-preview":"max-image-preview:large","max-video-preview":"max-video-preview:-1"},"canonical":"https:\/\/schmees.com\/web\/en\/company\/jobs\/","og_locale":"de_DE","og_type":"article","og_title":"Jobs - SCHMEES cast Langenfeld &amp; Pirna GmbH","og_url":"https:\/\/schmees.com\/web\/en\/company\/jobs\/","og_site_name":"SCHMEES cast Langenfeld &amp; Pirna GmbH","article_modified_time":"2019-02-27T15:30:38+00:00","og_image":[{"url":"https:\/\/www.schmees.com\/web\/wp-content\/uploads\/2015\/11\/Stellenangebote.jpg","type":"","width":"","height":""}],"twitter_card":"summary_large_image","twitter_misc":{"Gesch\u00e4tzte Lesezeit":"6\u00a0Minuten"},"schema":{"@context":"https:\/\/schema.org","@graph":[{"@type":"WebPage","@id":"https:\/\/schmees.com\/web\/en\/company\/jobs\/","url":"https:\/\/schmees.com\/web\/en\/company\/jobs\/","name":"Jobs - SCHMEES cast Langenfeld &amp; Pirna GmbH","isPartOf":{"@id":"https:\/\/schmees.com\/web\/#website"},"primaryImageOfPage":{"@id":"https:\/\/schmees.com\/web\/en\/company\/jobs\/#primaryimage"},"image":{"@id":"https:\/\/schmees.com\/web\/en\/company\/jobs\/#primaryimage"},"thumbnailUrl":"https:\/\/www.schmees.com\/web\/wp-content\/uploads\/2015\/11\/Stellenangebote.jpg","datePublished":"2015-11-18T09:35:22+00:00","dateModified":"2019-02-27T15:30:38+00:00","breadcrumb":{"@id":"https:\/\/schmees.com\/web\/en\/company\/jobs\/#breadcrumb"},"inLanguage":"de","potentialAction":[{"@type":"ReadAction","target":["https:\/\/schmees.com\/web\/en\/company\/jobs\/"]}]},{"@type":"ImageObject","inLanguage":"de","@id":"https:\/\/schmees.com\/web\/en\/company\/jobs\/#primaryimage","url":"https:\/\/www.schmees.com\/web\/wp-content\/uploads\/2015\/11\/Stellenangebote.jpg","contentUrl":"https:\/\/www.schmees.com\/web\/wp-content\/uploads\/2015\/11\/Stellenangebote.jpg"},{"@type":"BreadcrumbList","@id":"https:\/\/schmees.com\/web\/en\/company\/jobs\/#breadcrumb","itemListElement":[{"@type":"ListItem","position":1,"name":"Startseite","item":"https:\/\/schmees.com\/web\/de\/startseite-2\/"},{"@type":"ListItem","position":2,"name":"Company","item":"https:\/\/schmees.com\/web\/en\/company\/"},{"@type":"ListItem","position":3,"name":"Jobs"}]},{"@type":"WebSite","@id":"https:\/\/schmees.com\/web\/#website","url":"https:\/\/schmees.com\/web\/","name":"SCHMEES cast Langenfeld &amp; Pirna GmbH","description":"Schmees z\u00e4hlt international zu den f\u00fchrenden Gie\u00dfereien f\u00fcr den Edelstahlguss. Im Bereich Kunstguss ist Schmees f\u00fcr namhafte K\u00fcnstler t\u00e4tig.","publisher":{"@id":"https:\/\/schmees.com\/web\/#organization"},"potentialAction":[{"@type":"SearchAction","target":{"@type":"EntryPoint","urlTemplate":"https:\/\/schmees.com\/web\/?s={search_term_string}"},"query-input":{"@type":"PropertyValueSpecification","valueRequired":true,"valueName":"search_term_string"}}],"inLanguage":"de"},{"@type":"Organization","@id":"https:\/\/schmees.com\/web\/#organization","name":"SCHMEES cast Langenfeld GmbH","url":"https:\/\/schmees.com\/web\/","logo":{"@type":"ImageObject","inLanguage":"de","@id":"https:\/\/schmees.com\/web\/#\/schema\/logo\/image\/","url":"https:\/\/schmees.com\/web\/wp-content\/uploads\/2018\/01\/ES_Signet_transparent_claim_left_424x140_mobile_retina.png","contentUrl":"https:\/\/schmees.com\/web\/wp-content\/uploads\/2018\/01\/ES_Signet_transparent_claim_left_424x140_mobile_retina.png","width":424,"height":140,"caption":"SCHMEES cast Langenfeld GmbH"},"image":{"@id":"https:\/\/schmees.com\/web\/#\/schema\/logo\/image\/"}}]}},"publishpress_future_action":{"enabled":false,"date":"2026-04-20 16:54:38","action":"change-status","newStatus":"draft","terms":[],"taxonomy":"language","extraData":[]},"publishpress_future_workflow_manual_trigger":{"enabledWorkflows":[]},"_links":{"self":[{"href":"https:\/\/schmees.com\/web\/wp-json\/wp\/v2\/pages\/113","targetHints":{"allow":["GET"]}}],"collection":[{"href":"https:\/\/schmees.com\/web\/wp-json\/wp\/v2\/pages"}],"about":[{"href":"https:\/\/schmees.com\/web\/wp-json\/wp\/v2\/types\/page"}],"author":[{"embeddable":true,"href":"https:\/\/schmees.com\/web\/wp-json\/wp\/v2\/users\/1"}],"replies":[{"embeddable":true,"href":"https:\/\/schmees.com\/web\/wp-json\/wp\/v2\/comments?post=113"}],"version-history":[{"count":10,"href":"https:\/\/schmees.com\/web\/wp-json\/wp\/v2\/pages\/113\/revisions"}],"predecessor-version":[{"id":7149,"href":"https:\/\/schmees.com\/web\/wp-json\/wp\/v2\/pages\/113\/revisions\/7149"}],"up":[{"embeddable":true,"href":"https:\/\/schmees.com\/web\/wp-json\/wp\/v2\/pages\/16"}],"wp:attachment":[{"href":"https:\/\/schmees.com\/web\/wp-json\/wp\/v2\/media?parent=113"}],"curies":[{"name":"wp","href":"https:\/\/api.w.org\/{rel}","templated":true}]}}